{"id":2527,"date":"2021-12-23T08:06:58","date_gmt":"2021-12-23T08:06:58","guid":{"rendered":"https:\/\/crzp.mzp.cz\/portal\/?page_id=2527"},"modified":"2025-09-02T05:33:28","modified_gmt":"2025-09-02T05:33:28","slug":"kontakty","status":"publish","type":"page","link":"https:\/\/crzp.mzp.cz\/portal\/kontakty\/","title":{"rendered":"Kontakty"},"content":{"rendered":"\n<h1>\n\t\tKONTAKTY\n\t<\/h1>\n\t<h3><strong>Provozovatel syst\u00e9mu<\/strong>:<\/h3>\n<p><strong>\u010cesk\u00e1 informa\u010dn\u00ed agentura \u017eivotn\u00edho prost\u0159ed\u00ed<\/strong><\/p>\n<strong>Adresa:<\/strong>\u00a0Moskevsk\u00e1 1523\/63, 100\u00a010, Praha 10<br \/>\n<strong>Web:<\/strong> www.cenia.gov.cz<br \/>\n<strong>FB:<\/strong>\u00a0www.facebook.com\/ENVIDATA\/<br \/>\n<strong>Datov\u00e1 schr\u00e1nka pro zas\u00edl\u00e1n\u00ed hl\u00e1\u0161en\u00ed a&nbsp;registrac\u00ed:<\/strong>\u00a0uednwmb\n\t<h3><strong>Spr\u00e1vce syst\u00e9mu a\u00a0z\u0159izovatel:<\/strong><\/h3>\n<p><strong>Ministerstvo \u017eivotn\u00edho prost\u0159ed\u00ed<\/strong><\/p>\n<strong>Adresa:<\/strong>\u00a0Vr\u0161ovick\u00e1 1442\/65, 100\u00a010, Praha 10<br \/>\n<strong>\u00dast\u0159edna:<\/strong>\u00a0+420\u00a0267\u00a0121\u00a0111<br \/>\n<strong>Fax:<\/strong>\u00a0+420\u00a0267\u00a0310\u00a0308<br \/>\n<strong>Web:<\/strong> www.mzp.gov.cz<br \/>\n<strong>E-mail:<\/strong> info@mzp.gov.cz\n<p><strong>GDPR kontakt &#8211; pov\u011b\u0159enec M\u017dP:<\/strong> dpo@mzp.gov.cz<\/p>\n\t<p>Telefonick\u00e1 podpora je zaji\u0161\u0165ov\u00e1na ka\u017ed\u00fd pracovn\u00ed den <strong>od 9:00 do&nbsp;15:00 <\/strong>na telefonn\u00edm \u010d\u00edsle\u00a0<strong>490\u00a0522\u00a0550<\/strong>.<\/p>\n<p><strong>P\u00edsemn\u00e1 podpora<\/strong> je dostupn\u00e1 nep\u0159etr\u017eit\u011b prost\u0159ednictv\u00edm syst\u00e9mu pro spr\u00e1vu p\u00edsemn\u00fdch dotaz\u016f <a href=\"https:\/\/podpora.cenia.cz\/\">podpora.cenia.cz<\/a><\/p>\n\t\t\t<a href=\"https:\/\/podpora.cenia.cz\/?ref=crzp\" target=\"_blank\" rel=\"noopener\">\n\t\t\t\t\t\t\tZaslat dotaz\n\t\t\t\t\t<\/a>\n\n","protected":false},"excerpt":{"rendered":"<p>KONTAKTY Provozovatel syst\u00e9mu: \u010cesk\u00e1 informa\u010dn\u00ed agentura \u017eivotn\u00edho prost\u0159ed\u00ed Adresa:\u00a0Moskevsk\u00e1 1523\/63, 100\u00a010, Praha 10 Web: www.cenia.gov.cz FB:\u00a0www.facebook.com\/ENVIDATA\/ Datov\u00e1 schr\u00e1nka pro zas\u00edl\u00e1n\u00ed hl\u00e1\u0161en\u00ed a&nbsp;registrac\u00ed:\u00a0uednwmb Spr\u00e1vce syst\u00e9mu a\u00a0z\u0159izovatel: Ministerstvo \u017eivotn\u00edho prost\u0159ed\u00ed Adresa:\u00a0Vr\u0161ovick\u00e1 1442\/65, 100\u00a010, Praha 10 \u00dast\u0159edna:\u00a0+420\u00a0267\u00a0121\u00a0111 Fax:\u00a0+420\u00a0267\u00a0310\u00a0308 Web: www.mzp.gov.cz E-mail: info@mzp.gov.cz GDPR kontakt &#8211; pov\u011b\u0159enec M\u017dP: dpo@mzp.gov.cz Telefonick\u00e1 podpora je zaji\u0161\u0165ov\u00e1na ka\u017ed\u00fd pracovn\u00ed den od 9:00 do&nbsp;15:00&hellip;<\/p>\n","protected":false},"author":151,"featured_media":0,"parent":0,"menu_order":-3,"comment_status":"closed","ping_status":"closed","template":"","meta":{"inline_featured_image":false,"footnotes":""},"yoast_head":"<!-- This site is optimized with the Yoast SEO plugin v20.13 - https:\/\/yoast.com\/wordpress\/plugins\/seo\/ -->\n<title>Kontakty - CR\u017dP<\/title>\n<meta name=\"robots\" content=\"noindex, nofollow\" \/>\n<meta property=\"og:locale\" content=\"cs_CZ\" \/>\n<meta property=\"og:type\" content=\"article\" \/>\n<meta property=\"og:title\" content=\"Kontakty - CR\u017dP\" \/>\n<meta property=\"og:description\" content=\"KONTAKTY Provozovatel syst\u00e9mu: \u010cesk\u00e1 informa\u010dn\u00ed agentura \u017eivotn\u00edho prost\u0159ed\u00ed Adresa:\u00a0Moskevsk\u00e1 1523\/63, 100\u00a010, Praha 10 Web: www.cenia.gov.cz FB:\u00a0www.facebook.com\/ENVIDATA\/ Datov\u00e1 schr\u00e1nka pro zas\u00edl\u00e1n\u00ed hl\u00e1\u0161en\u00ed a&nbsp;registrac\u00ed:\u00a0uednwmb Spr\u00e1vce syst\u00e9mu a\u00a0z\u0159izovatel: Ministerstvo \u017eivotn\u00edho prost\u0159ed\u00ed Adresa:\u00a0Vr\u0161ovick\u00e1 1442\/65, 100\u00a010, Praha 10 \u00dast\u0159edna:\u00a0+420\u00a0267\u00a0121\u00a0111 Fax:\u00a0+420\u00a0267\u00a0310\u00a0308 Web: www.mzp.gov.cz E-mail: info@mzp.gov.cz GDPR kontakt &#8211; pov\u011b\u0159enec M\u017dP: dpo@mzp.gov.cz Telefonick\u00e1 podpora je zaji\u0161\u0165ov\u00e1na ka\u017ed\u00fd pracovn\u00ed den od 9:00 do&nbsp;15:00&hellip;\" \/>\n<meta property=\"og:url\" content=\"https:\/\/crzp.mzp.cz\/portal\/kontakty\/\" \/>\n<meta property=\"og:site_name\" content=\"CR\u017dP\" \/>\n<meta property=\"article:modified_time\" content=\"2025-09-02T05:33:28+00:00\" \/>\n<meta name=\"twitter:card\" content=\"summary_large_image\" \/>\n<meta name=\"twitter:label1\" content=\"Est. reading time\" \/>\n\t<meta name=\"twitter:data1\" content=\"1 minuta\" \/>\n<script type=\"application\/ld+json\" class=\"yoast-schema-graph\">{\"@context\":\"https:\/\/schema.org\",\"@graph\":[{\"@type\":\"WebPage\",\"@id\":\"https:\/\/crzp.mzp.cz\/portal\/kontakty\/\",\"url\":\"https:\/\/crzp.mzp.cz\/portal\/kontakty\/\",\"name\":\"Kontakty - CR\u017dP\",\"isPartOf\":{\"@id\":\"https:\/\/crzp.mzp.cz\/portal\/#website\"},\"datePublished\":\"2021-12-23T08:06:58+00:00\",\"dateModified\":\"2025-09-02T05:33:28+00:00\",\"breadcrumb\":{\"@id\":\"https:\/\/crzp.mzp.cz\/portal\/kontakty\/#breadcrumb\"},\"inLanguage\":\"cs\",\"potentialAction\":[{\"@type\":\"ReadAction\",\"target\":[\"https:\/\/crzp.mzp.cz\/portal\/kontakty\/\"]}]},{\"@type\":\"BreadcrumbList\",\"@id\":\"https:\/\/crzp.mzp.cz\/portal\/kontakty\/#breadcrumb\",\"itemListElement\":[{\"@type\":\"ListItem\",\"position\":1,\"name\":\"Home\",\"item\":\"https:\/\/crzp.mzp.cz\/portal\/\"},{\"@type\":\"ListItem\",\"position\":2,\"name\":\"Kontakty\"}]},{\"@type\":\"WebSite\",\"@id\":\"https:\/\/crzp.mzp.cz\/portal\/#website\",\"url\":\"https:\/\/crzp.mzp.cz\/portal\/\",\"name\":\"CR\u017dP\",\"description\":\"Centr\u00e1ln\u00ed registr \u017eivotn\u00edho prost\u0159ed\u00ed\",\"potentialAction\":[{\"@type\":\"SearchAction\",\"target\":{\"@type\":\"EntryPoint\",\"urlTemplate\":\"https:\/\/crzp.mzp.cz\/portal\/?s={search_term_string}\"},\"query-input\":\"required name=search_term_string\"}],\"inLanguage\":\"cs\"}]}<\/script>\n<!-- \/ Yoast SEO plugin. -->","yoast_head_json":{"title":"Kontakty - CR\u017dP","robots":{"index":"noindex","follow":"nofollow"},"og_locale":"cs_CZ","og_type":"article","og_title":"Kontakty - CR\u017dP","og_description":"KONTAKTY Provozovatel syst\u00e9mu: \u010cesk\u00e1 informa\u010dn\u00ed agentura \u017eivotn\u00edho prost\u0159ed\u00ed Adresa:\u00a0Moskevsk\u00e1 1523\/63, 100\u00a010, Praha 10 Web: www.cenia.gov.cz FB:\u00a0www.facebook.com\/ENVIDATA\/ Datov\u00e1 schr\u00e1nka pro zas\u00edl\u00e1n\u00ed hl\u00e1\u0161en\u00ed a&nbsp;registrac\u00ed:\u00a0uednwmb Spr\u00e1vce syst\u00e9mu a\u00a0z\u0159izovatel: Ministerstvo \u017eivotn\u00edho prost\u0159ed\u00ed Adresa:\u00a0Vr\u0161ovick\u00e1 1442\/65, 100\u00a010, Praha 10 \u00dast\u0159edna:\u00a0+420\u00a0267\u00a0121\u00a0111 Fax:\u00a0+420\u00a0267\u00a0310\u00a0308 Web: www.mzp.gov.cz E-mail: info@mzp.gov.cz GDPR kontakt &#8211; pov\u011b\u0159enec M\u017dP: dpo@mzp.gov.cz Telefonick\u00e1 podpora je zaji\u0161\u0165ov\u00e1na ka\u017ed\u00fd pracovn\u00ed den od 9:00 do&nbsp;15:00&hellip;","og_url":"https:\/\/crzp.mzp.cz\/portal\/kontakty\/","og_site_name":"CR\u017dP","article_modified_time":"2025-09-02T05:33:28+00:00","twitter_card":"summary_large_image","twitter_misc":{"Est. reading time":"1 minuta"},"schema":{"@context":"https:\/\/schema.org","@graph":[{"@type":"WebPage","@id":"https:\/\/crzp.mzp.cz\/portal\/kontakty\/","url":"https:\/\/crzp.mzp.cz\/portal\/kontakty\/","name":"Kontakty - CR\u017dP","isPartOf":{"@id":"https:\/\/crzp.mzp.cz\/portal\/#website"},"datePublished":"2021-12-23T08:06:58+00:00","dateModified":"2025-09-02T05:33:28+00:00","breadcrumb":{"@id":"https:\/\/crzp.mzp.cz\/portal\/kontakty\/#breadcrumb"},"inLanguage":"cs","potentialAction":[{"@type":"ReadAction","target":["https:\/\/crzp.mzp.cz\/portal\/kontakty\/"]}]},{"@type":"BreadcrumbList","@id":"https:\/\/crzp.mzp.cz\/portal\/kontakty\/#breadcrumb","itemListElement":[{"@type":"ListItem","position":1,"name":"Home","item":"https:\/\/crzp.mzp.cz\/portal\/"},{"@type":"ListItem","position":2,"name":"Kontakty"}]},{"@type":"WebSite","@id":"https:\/\/crzp.mzp.cz\/portal\/#website","url":"https:\/\/crzp.mzp.cz\/portal\/","name":"CR\u017dP","description":"Centr\u00e1ln\u00ed registr \u017eivotn\u00edho prost\u0159ed\u00ed","potentialAction":[{"@type":"SearchAction","target":{"@type":"EntryPoint","urlTemplate":"https:\/\/crzp.mzp.cz\/portal\/?s={search_term_string}"},"query-input":"required name=search_term_string"}],"inLanguage":"cs"}]}},"_links":{"self":[{"href":"https:\/\/crzp.mzp.cz\/portal\/wp-json\/wp\/v2\/pages\/2527"}],"collection":[{"href":"https:\/\/crzp.mzp.cz\/portal\/wp-json\/wp\/v2\/pages"}],"about":[{"href":"https:\/\/crzp.mzp.cz\/portal\/wp-json\/wp\/v2\/types\/page"}],"author":[{"embeddable":true,"href":"https:\/\/crzp.mzp.cz\/portal\/wp-json\/wp\/v2\/users\/151"}],"replies":[{"embeddable":true,"href":"https:\/\/crzp.mzp.cz\/portal\/wp-json\/wp\/v2\/comments?post=2527"}],"version-history":[{"count":30,"href":"https:\/\/crzp.mzp.cz\/portal\/wp-json\/wp\/v2\/pages\/2527\/revisions"}],"predecessor-version":[{"id":3173,"href":"https:\/\/crzp.mzp.cz\/portal\/wp-json\/wp\/v2\/pages\/2527\/revisions\/3173"}],"wp:attachment":[{"href":"https:\/\/crzp.mzp.cz\/portal\/wp-json\/wp\/v2\/media?parent=2527"}],"curies":[{"name":"wp","href":"https:\/\/api.w.org\/{rel}","templated":true}]}}