{"id":2310,"date":"2021-12-16T23:55:57","date_gmt":"2021-12-16T23:55:57","guid":{"rendered":"https:\/\/crzp.mzp.cz\/portal\/?page_id=2310"},"modified":"2021-12-22T12:23:26","modified_gmt":"2021-12-22T12:23:26","slug":"mista-uzivani-vod","status":"publish","type":"page","link":"https:\/\/crzp.mzp.cz\/portal\/agendy-registry\/mista-uzivani-vod\/","title":{"rendered":"M\u00edsta u\u017e\u00edv\u00e1n\u00ed vod"},"content":{"rendered":"\n<h1>\n\t\tM\u00edsta u\u017e\u00edv\u00e1n\u00ed vod\n\t<\/h1>\n\t<p>V\u00a0syst\u00e9mu CR\u017dP za \u00fa\u010delem pln\u011bn\u00ed ohla\u0161ovac\u00edch povinnost\u00ed, kter\u00e9 vych\u00e1zej\u00ed ze z\u00e1kona \u010d.&nbsp;254\/2001 Sb., vodn\u00ed z\u00e1kon vznikl tzv.&nbsp;Registr M\u00edst u\u017e\u00edv\u00e1n\u00ed vod. M\u00edsta u\u017e\u00edv\u00e1n\u00ed vod reprezentuj\u00ed konkr\u00e9tn\u00ed vodn\u00ed d\u00edlo, m\u00edsto vypou\u0161t\u011bn\u00ed, odb\u011bru vod atp. kter\u00e9 dle vodn\u00edho z\u00e1kona spad\u00e1 do&nbsp;re\u017eimu nutnosti ohl\u00e1sit. M\u00edsta u\u017e\u00edv\u00e1n\u00ed vod se&nbsp;p\u0159\u00edmo v\u00a0syst\u00e9mu CR\u017dP neregistruj\u00ed, ale \u00fadaje o&nbsp;nich jsou p\u0159eb\u00edr\u00e1ny z\u00a0p\u0159\u00edslu\u0161n\u00e9ho podniku povod\u00ed, pod kter\u00e9 dan\u00e9 m\u00edsto u\u017e\u00edv\u00e1n\u00ed vod spad\u00e1.<\/p>\n\t<h2>Technick\u00e1 podpora<\/h2>\n<p>P\u00edsemn\u00e1 podpora je dostupn\u00e1 prost\u0159ednictv\u00edm syst\u00e9mu EnviHELP (helpdesk.cenia.cz).<\/p>\n<p>Provozn\u00ed doba telefonick\u00e9 podpory na \u010d\u00edsle 221\u00a0228\u00a0080 je v\u00a0\u00fa\u0159edn\u00edch dnech, tj.\u00a0pond\u011bl\u00ed a\u00a0st\u0159eda 9:00 &#8211; 12:00.<\/p>\n\t\t\t<a href=\"https:\/\/helpdesk.cenia.cz\/helpdesk\/?issuenew=true\" target=\"_blank\" role=\"button\" rel=\"noopener\">\n\t\t\t\t\t\t\tZaslat dotaz\n\t\t\t\t\t<\/a>\n\t<h2>Pl\u00e1novan\u00e9 odst\u00e1vky<\/h2>\n<table>\n<tbody>\n<tr>\n<td>\n<h4><strong>3.1.2022<\/strong><\/h4>\n<\/td>\n<td>zah\u00e1jen\u00ed provozu<\/td>\n<\/tr>\n<\/tbody>\n<\/table>\n\n","protected":false},"excerpt":{"rendered":"<p>M\u00edsta u\u017e\u00edv\u00e1n\u00ed vod V\u00a0syst\u00e9mu CR\u017dP za \u00fa\u010delem pln\u011bn\u00ed ohla\u0161ovac\u00edch povinnost\u00ed, kter\u00e9 vych\u00e1zej\u00ed ze z\u00e1kona \u010d.&nbsp;254\/2001 Sb., vodn\u00ed z\u00e1kon vznikl tzv.&nbsp;Registr M\u00edst u\u017e\u00edv\u00e1n\u00ed vod. M\u00edsta u\u017e\u00edv\u00e1n\u00ed vod reprezentuj\u00ed konkr\u00e9tn\u00ed vodn\u00ed d\u00edlo, m\u00edsto vypou\u0161t\u011bn\u00ed, odb\u011bru vod atp. kter\u00e9 dle vodn\u00edho z\u00e1kona spad\u00e1 do&nbsp;re\u017eimu nutnosti ohl\u00e1sit. M\u00edsta u\u017e\u00edv\u00e1n\u00ed vod se&nbsp;p\u0159\u00edmo v\u00a0syst\u00e9mu CR\u017dP neregistruj\u00ed, ale \u00fadaje o&nbsp;nich jsou p\u0159eb\u00edr\u00e1ny&hellip;<\/p>\n","protected":false},"author":151,"featured_media":0,"parent":2292,"menu_order":0,"comment_status":"closed","ping_status":"closed","template":"","meta":{"inline_featured_image":false,"footnotes":""},"yoast_head":"<!-- This site is optimized with the Yoast SEO plugin v20.13 - https:\/\/yoast.com\/wordpress\/plugins\/seo\/ -->\n<title>M\u00edsta u\u017e\u00edv\u00e1n\u00ed vod - CR\u017dP<\/title>\n<meta name=\"robots\" content=\"index, follow, max-snippet:-1, max-image-preview:large, max-video-preview:-1\" \/>\n<link rel=\"canonical\" href=\"https:\/\/crzp.mzp.cz\/portal\/agendy-registry\/mista-uzivani-vod\/\" \/>\n<meta property=\"og:locale\" content=\"cs_CZ\" \/>\n<meta property=\"og:type\" content=\"article\" \/>\n<meta property=\"og:title\" content=\"M\u00edsta u\u017e\u00edv\u00e1n\u00ed vod - CR\u017dP\" \/>\n<meta property=\"og:description\" content=\"M\u00edsta u\u017e\u00edv\u00e1n\u00ed vod V\u00a0syst\u00e9mu CR\u017dP za \u00fa\u010delem pln\u011bn\u00ed ohla\u0161ovac\u00edch povinnost\u00ed, kter\u00e9 vych\u00e1zej\u00ed ze z\u00e1kona \u010d.&nbsp;254\/2001 Sb., vodn\u00ed z\u00e1kon vznikl tzv.&nbsp;Registr M\u00edst u\u017e\u00edv\u00e1n\u00ed vod. M\u00edsta u\u017e\u00edv\u00e1n\u00ed vod reprezentuj\u00ed konkr\u00e9tn\u00ed vodn\u00ed d\u00edlo, m\u00edsto vypou\u0161t\u011bn\u00ed, odb\u011bru vod atp. kter\u00e9 dle vodn\u00edho z\u00e1kona spad\u00e1 do&nbsp;re\u017eimu nutnosti ohl\u00e1sit. M\u00edsta u\u017e\u00edv\u00e1n\u00ed vod se&nbsp;p\u0159\u00edmo v\u00a0syst\u00e9mu CR\u017dP neregistruj\u00ed, ale \u00fadaje o&nbsp;nich jsou p\u0159eb\u00edr\u00e1ny&hellip;\" \/>\n<meta property=\"og:url\" content=\"https:\/\/crzp.mzp.cz\/portal\/agendy-registry\/mista-uzivani-vod\/\" \/>\n<meta property=\"og:site_name\" content=\"CR\u017dP\" \/>\n<meta property=\"article:modified_time\" content=\"2021-12-22T12:23:26+00:00\" \/>\n<meta name=\"twitter:card\" content=\"summary_large_image\" \/>\n<meta name=\"twitter:label1\" content=\"Est. reading time\" \/>\n\t<meta name=\"twitter:data1\" content=\"1 minuta\" \/>\n<script type=\"application\/ld+json\" class=\"yoast-schema-graph\">{\"@context\":\"https:\/\/schema.org\",\"@graph\":[{\"@type\":\"WebPage\",\"@id\":\"https:\/\/crzp.mzp.cz\/portal\/agendy-registry\/mista-uzivani-vod\/\",\"url\":\"https:\/\/crzp.mzp.cz\/portal\/agendy-registry\/mista-uzivani-vod\/\",\"name\":\"M\u00edsta u\u017e\u00edv\u00e1n\u00ed vod - CR\u017dP\",\"isPartOf\":{\"@id\":\"https:\/\/crzp.mzp.cz\/portal\/#website\"},\"datePublished\":\"2021-12-16T23:55:57+00:00\",\"dateModified\":\"2021-12-22T12:23:26+00:00\",\"breadcrumb\":{\"@id\":\"https:\/\/crzp.mzp.cz\/portal\/agendy-registry\/mista-uzivani-vod\/#breadcrumb\"},\"inLanguage\":\"cs\",\"potentialAction\":[{\"@type\":\"ReadAction\",\"target\":[\"https:\/\/crzp.mzp.cz\/portal\/agendy-registry\/mista-uzivani-vod\/\"]}]},{\"@type\":\"BreadcrumbList\",\"@id\":\"https:\/\/crzp.mzp.cz\/portal\/agendy-registry\/mista-uzivani-vod\/#breadcrumb\",\"itemListElement\":[{\"@type\":\"ListItem\",\"position\":1,\"name\":\"Home\",\"item\":\"https:\/\/crzp.mzp.cz\/portal\/\"},{\"@type\":\"ListItem\",\"position\":2,\"name\":\"Agendy a&nbsp;registry\",\"item\":\"https:\/\/crzp.mzp.cz\/portal\/agendy-registry\/\"},{\"@type\":\"ListItem\",\"position\":3,\"name\":\"M\u00edsta u\u017e\u00edv\u00e1n\u00ed vod\"}]},{\"@type\":\"WebSite\",\"@id\":\"https:\/\/crzp.mzp.cz\/portal\/#website\",\"url\":\"https:\/\/crzp.mzp.cz\/portal\/\",\"name\":\"CR\u017dP\",\"description\":\"Centr\u00e1ln\u00ed registr \u017eivotn\u00edho prost\u0159ed\u00ed\",\"potentialAction\":[{\"@type\":\"SearchAction\",\"target\":{\"@type\":\"EntryPoint\",\"urlTemplate\":\"https:\/\/crzp.mzp.cz\/portal\/?s={search_term_string}\"},\"query-input\":\"required name=search_term_string\"}],\"inLanguage\":\"cs\"}]}<\/script>\n<!-- \/ Yoast SEO plugin. -->","yoast_head_json":{"title":"M\u00edsta u\u017e\u00edv\u00e1n\u00ed vod - CR\u017dP","robots":{"index":"index","follow":"follow","max-snippet":"max-snippet:-1","max-image-preview":"max-image-preview:large","max-video-preview":"max-video-preview:-1"},"canonical":"https:\/\/crzp.mzp.cz\/portal\/agendy-registry\/mista-uzivani-vod\/","og_locale":"cs_CZ","og_type":"article","og_title":"M\u00edsta u\u017e\u00edv\u00e1n\u00ed vod - CR\u017dP","og_description":"M\u00edsta u\u017e\u00edv\u00e1n\u00ed vod V\u00a0syst\u00e9mu CR\u017dP za \u00fa\u010delem pln\u011bn\u00ed ohla\u0161ovac\u00edch povinnost\u00ed, kter\u00e9 vych\u00e1zej\u00ed ze z\u00e1kona \u010d.&nbsp;254\/2001 Sb., vodn\u00ed z\u00e1kon vznikl tzv.&nbsp;Registr M\u00edst u\u017e\u00edv\u00e1n\u00ed vod. M\u00edsta u\u017e\u00edv\u00e1n\u00ed vod reprezentuj\u00ed konkr\u00e9tn\u00ed vodn\u00ed d\u00edlo, m\u00edsto vypou\u0161t\u011bn\u00ed, odb\u011bru vod atp. kter\u00e9 dle vodn\u00edho z\u00e1kona spad\u00e1 do&nbsp;re\u017eimu nutnosti ohl\u00e1sit. M\u00edsta u\u017e\u00edv\u00e1n\u00ed vod se&nbsp;p\u0159\u00edmo v\u00a0syst\u00e9mu CR\u017dP neregistruj\u00ed, ale \u00fadaje o&nbsp;nich jsou p\u0159eb\u00edr\u00e1ny&hellip;","og_url":"https:\/\/crzp.mzp.cz\/portal\/agendy-registry\/mista-uzivani-vod\/","og_site_name":"CR\u017dP","article_modified_time":"2021-12-22T12:23:26+00:00","twitter_card":"summary_large_image","twitter_misc":{"Est. reading time":"1 minuta"},"schema":{"@context":"https:\/\/schema.org","@graph":[{"@type":"WebPage","@id":"https:\/\/crzp.mzp.cz\/portal\/agendy-registry\/mista-uzivani-vod\/","url":"https:\/\/crzp.mzp.cz\/portal\/agendy-registry\/mista-uzivani-vod\/","name":"M\u00edsta u\u017e\u00edv\u00e1n\u00ed vod - CR\u017dP","isPartOf":{"@id":"https:\/\/crzp.mzp.cz\/portal\/#website"},"datePublished":"2021-12-16T23:55:57+00:00","dateModified":"2021-12-22T12:23:26+00:00","breadcrumb":{"@id":"https:\/\/crzp.mzp.cz\/portal\/agendy-registry\/mista-uzivani-vod\/#breadcrumb"},"inLanguage":"cs","potentialAction":[{"@type":"ReadAction","target":["https:\/\/crzp.mzp.cz\/portal\/agendy-registry\/mista-uzivani-vod\/"]}]},{"@type":"BreadcrumbList","@id":"https:\/\/crzp.mzp.cz\/portal\/agendy-registry\/mista-uzivani-vod\/#breadcrumb","itemListElement":[{"@type":"ListItem","position":1,"name":"Home","item":"https:\/\/crzp.mzp.cz\/portal\/"},{"@type":"ListItem","position":2,"name":"Agendy a&nbsp;registry","item":"https:\/\/crzp.mzp.cz\/portal\/agendy-registry\/"},{"@type":"ListItem","position":3,"name":"M\u00edsta u\u017e\u00edv\u00e1n\u00ed vod"}]},{"@type":"WebSite","@id":"https:\/\/crzp.mzp.cz\/portal\/#website","url":"https:\/\/crzp.mzp.cz\/portal\/","name":"CR\u017dP","description":"Centr\u00e1ln\u00ed registr \u017eivotn\u00edho prost\u0159ed\u00ed","potentialAction":[{"@type":"SearchAction","target":{"@type":"EntryPoint","urlTemplate":"https:\/\/crzp.mzp.cz\/portal\/?s={search_term_string}"},"query-input":"required name=search_term_string"}],"inLanguage":"cs"}]}},"_links":{"self":[{"href":"https:\/\/crzp.mzp.cz\/portal\/wp-json\/wp\/v2\/pages\/2310"}],"collection":[{"href":"https:\/\/crzp.mzp.cz\/portal\/wp-json\/wp\/v2\/pages"}],"about":[{"href":"https:\/\/crzp.mzp.cz\/portal\/wp-json\/wp\/v2\/types\/page"}],"author":[{"embeddable":true,"href":"https:\/\/crzp.mzp.cz\/portal\/wp-json\/wp\/v2\/users\/151"}],"replies":[{"embeddable":true,"href":"https:\/\/crzp.mzp.cz\/portal\/wp-json\/wp\/v2\/comments?post=2310"}],"version-history":[{"count":3,"href":"https:\/\/crzp.mzp.cz\/portal\/wp-json\/wp\/v2\/pages\/2310\/revisions"}],"predecessor-version":[{"id":2479,"href":"https:\/\/crzp.mzp.cz\/portal\/wp-json\/wp\/v2\/pages\/2310\/revisions\/2479"}],"up":[{"embeddable":true,"href":"https:\/\/crzp.mzp.cz\/portal\/wp-json\/wp\/v2\/pages\/2292"}],"wp:attachment":[{"href":"https:\/\/crzp.mzp.cz\/portal\/wp-json\/wp\/v2\/media?parent=2310"}],"curies":[{"name":"wp","href":"https:\/\/api.w.org\/{rel}","templated":true}]}}