{"id":2303,"date":"2021-12-16T23:52:30","date_gmt":"2021-12-16T23:52:30","guid":{"rendered":"https:\/\/crzp.mzp.cz\/portal\/?page_id=2303"},"modified":"2022-12-31T09:43:30","modified_gmt":"2022-12-31T09:43:30","slug":"provozovny-irz","status":"publish","type":"page","link":"https:\/\/crzp.mzp.cz\/portal\/agendy-registry\/provozovny-irz\/","title":{"rendered":"Provozovny IRZ"},"content":{"rendered":"\n<h1>\n\t\tProvozovny IRZ\n\t<\/h1>\n\t<p><strong>V\u00a0syst\u00e9mu CR\u017dP<\/strong> za \u00fa\u010delem pln\u011bn\u00ed ohla\u0161ovac\u00edch povinnost\u00ed, kter\u00e9 vych\u00e1zej\u00ed ze z\u00e1kona \u010d.&nbsp;25\/2008 Sb., o&nbsp;IRZ a&nbsp;ISPOP tzv.&nbsp;Registr provozoven IRZ. Provozovny IRZ reprezentuj\u00ed konkr\u00e9tn\u00ed stavbu, provoz atp. kter\u00fd dle z\u00e1kona o&nbsp;IRZ a&nbsp;ISPOP spad\u00e1 do&nbsp;re\u017eimu nutnosti ohl\u00e1sit.<\/p>\n<p><strong>Registrace provozoven IRZ<\/strong> se&nbsp;prov\u00e1d\u00ed v&nbsp;u\u017eivatelsk\u00e9m \u00fa\u010dtu po&nbsp;p\u0159ihl\u00e1\u0161en\u00ed do&nbsp;syst\u00e9mu CR\u017dP a&nbsp;nen\u00ed t\u0159eba ji autorizovat. Registrace provozovny IRZ proch\u00e1z\u00ed kontrolou provozovatelem CR\u017dP, jedn\u00e1 se&nbsp;tedy o&nbsp;\u010dasov\u011b n\u00e1ro\u010dn\u011bj\u0161\u00ed proces. Po&nbsp;\u00fasp\u011b\u0161n\u00e9 registraci provozoven p\u0159id\u011bl\u00ed syst\u00e9m CR\u017dP dan\u00fdm provozovn\u00e1m unik\u00e1tn\u00ed identifika\u010dn\u00ed \u010d\u00edslo provozovny, tzv.&nbsp;I\u010cP. Podrobn\u00fd proces registrace provozovny IRZ je pops\u00e1n v&nbsp;<a href=\"https:\/\/crzp.mzp.cz\/portal\/wp-content\/uploads\/CRZP_Manual_Registrace_provozovny_IRZ.pdf\"><strong>manu\u00e1lu<\/strong><\/a>. Pod\u00e1n\u00ed hl\u00e1\u0161en\u00ed do&nbsp;IRZ (dle z\u00e1kona \u010d.&nbsp;25\/2008 Sb.) je mo\u017en\u00e9 a\u017e po&nbsp;\u00fasp\u011b\u0161n\u011b proveden\u00e9 registraci provozovny.<\/p>\n\t<h2>Technick\u00e1 podpora<\/h2>\n<p>Technick\u00e1 podpora je dostupn\u00e1 v&nbsp;p\u00edsemn\u00e9 podob\u011b prost\u0159ednictv\u00edm syst\u00e9mu EnviHELP <strong>(<a href=\"https:\/\/helpdesk.cenia.cz\/hdPublic\/helpdesk\/\" target=\"_blank\" rel=\"noopener\">helpdesk.cenia.cz<\/a>).<\/strong><\/p>\n<p>Telefonick\u00e1 podpora je zaji\u0161\u0165ov\u00e1na v\u00a0<strong>pond\u011bl\u00ed<\/strong> a\u00a0<strong>st\u0159edu<\/strong> od <strong>9:00<\/strong> do\u00a0<strong>12:00<\/strong> hodin na telefonn\u00edm \u010d\u00edsle\u00a0<strong>221\u00a0228\u00a0080<\/strong>.<\/p>\n<p>&nbsp;<\/p>\n\t\t\t<a href=\"https:\/\/helpdesk.cenia.cz\/helpdesk\/?issuenew=true\" target=\"_blank\" role=\"button\" rel=\"noopener\">\n\t\t\t\t\t\t\tZaslat dotaz\n\t\t\t\t\t<\/a>\n\t<h2>Pl\u00e1novan\u00e9 odst\u00e1vky<\/h2>\n<table>\n<tbody>\n<tr>\n<td><strong>ka\u017edou st\u0159edu<br \/>\n<\/strong><\/td>\n<td>20:00 &#8211; 23:59<\/td>\n<\/tr>\n<\/tbody>\n<\/table>\n<p>&nbsp;<\/p>\n<p>V\u00fdpadek 10 &#8211; 20 minut v&nbsp;dan\u00e9m rozmez\u00ed<\/p>\n\n","protected":false},"excerpt":{"rendered":"<p>Provozovny IRZ V\u00a0syst\u00e9mu CR\u017dP za \u00fa\u010delem pln\u011bn\u00ed ohla\u0161ovac\u00edch povinnost\u00ed, kter\u00e9 vych\u00e1zej\u00ed ze z\u00e1kona \u010d.&nbsp;25\/2008 Sb., o&nbsp;IRZ a&nbsp;ISPOP tzv.&nbsp;Registr provozoven IRZ. Provozovny IRZ reprezentuj\u00ed konkr\u00e9tn\u00ed stavbu, provoz atp. kter\u00fd dle z\u00e1kona o&nbsp;IRZ a&nbsp;ISPOP spad\u00e1 do&nbsp;re\u017eimu nutnosti ohl\u00e1sit. Registrace provozoven IRZ se&nbsp;prov\u00e1d\u00ed v&nbsp;u\u017eivatelsk\u00e9m \u00fa\u010dtu po&nbsp;p\u0159ihl\u00e1\u0161en\u00ed do&nbsp;syst\u00e9mu CR\u017dP a&nbsp;nen\u00ed t\u0159eba ji autorizovat. Registrace provozovny IRZ proch\u00e1z\u00ed kontrolou provozovatelem&hellip;<\/p>\n","protected":false},"author":151,"featured_media":0,"parent":2292,"menu_order":0,"comment_status":"closed","ping_status":"closed","template":"","meta":{"inline_featured_image":false,"footnotes":""},"yoast_head":"<!-- This site is optimized with the Yoast SEO plugin v20.13 - https:\/\/yoast.com\/wordpress\/plugins\/seo\/ -->\n<title>Provozovny IRZ - CR\u017dP<\/title>\n<meta name=\"robots\" content=\"index, follow, max-snippet:-1, max-image-preview:large, max-video-preview:-1\" \/>\n<link rel=\"canonical\" href=\"https:\/\/crzp.mzp.cz\/portal\/agendy-registry\/provozovny-irz\/\" \/>\n<meta property=\"og:locale\" content=\"cs_CZ\" \/>\n<meta property=\"og:type\" content=\"article\" \/>\n<meta property=\"og:title\" content=\"Provozovny IRZ - CR\u017dP\" \/>\n<meta property=\"og:description\" content=\"Provozovny IRZ V\u00a0syst\u00e9mu CR\u017dP za \u00fa\u010delem pln\u011bn\u00ed ohla\u0161ovac\u00edch povinnost\u00ed, kter\u00e9 vych\u00e1zej\u00ed ze z\u00e1kona \u010d.&nbsp;25\/2008 Sb., o&nbsp;IRZ a&nbsp;ISPOP tzv.&nbsp;Registr provozoven IRZ. Provozovny IRZ reprezentuj\u00ed konkr\u00e9tn\u00ed stavbu, provoz atp. kter\u00fd dle z\u00e1kona o&nbsp;IRZ a&nbsp;ISPOP spad\u00e1 do&nbsp;re\u017eimu nutnosti ohl\u00e1sit. Registrace provozoven IRZ se&nbsp;prov\u00e1d\u00ed v&nbsp;u\u017eivatelsk\u00e9m \u00fa\u010dtu po&nbsp;p\u0159ihl\u00e1\u0161en\u00ed do&nbsp;syst\u00e9mu CR\u017dP a&nbsp;nen\u00ed t\u0159eba ji autorizovat. Registrace provozovny IRZ proch\u00e1z\u00ed kontrolou provozovatelem&hellip;\" \/>\n<meta property=\"og:url\" content=\"https:\/\/crzp.mzp.cz\/portal\/agendy-registry\/provozovny-irz\/\" \/>\n<meta property=\"og:site_name\" content=\"CR\u017dP\" \/>\n<meta property=\"article:modified_time\" content=\"2022-12-31T09:43:30+00:00\" \/>\n<meta name=\"twitter:card\" content=\"summary_large_image\" \/>\n<meta name=\"twitter:label1\" content=\"Est. reading time\" \/>\n\t<meta name=\"twitter:data1\" content=\"1 minuta\" \/>\n<script type=\"application\/ld+json\" class=\"yoast-schema-graph\">{\"@context\":\"https:\/\/schema.org\",\"@graph\":[{\"@type\":\"WebPage\",\"@id\":\"https:\/\/crzp.mzp.cz\/portal\/agendy-registry\/provozovny-irz\/\",\"url\":\"https:\/\/crzp.mzp.cz\/portal\/agendy-registry\/provozovny-irz\/\",\"name\":\"Provozovny IRZ - CR\u017dP\",\"isPartOf\":{\"@id\":\"https:\/\/crzp.mzp.cz\/portal\/#website\"},\"datePublished\":\"2021-12-16T23:52:30+00:00\",\"dateModified\":\"2022-12-31T09:43:30+00:00\",\"breadcrumb\":{\"@id\":\"https:\/\/crzp.mzp.cz\/portal\/agendy-registry\/provozovny-irz\/#breadcrumb\"},\"inLanguage\":\"cs\",\"potentialAction\":[{\"@type\":\"ReadAction\",\"target\":[\"https:\/\/crzp.mzp.cz\/portal\/agendy-registry\/provozovny-irz\/\"]}]},{\"@type\":\"BreadcrumbList\",\"@id\":\"https:\/\/crzp.mzp.cz\/portal\/agendy-registry\/provozovny-irz\/#breadcrumb\",\"itemListElement\":[{\"@type\":\"ListItem\",\"position\":1,\"name\":\"Home\",\"item\":\"https:\/\/crzp.mzp.cz\/portal\/\"},{\"@type\":\"ListItem\",\"position\":2,\"name\":\"Agendy a&nbsp;registry\",\"item\":\"https:\/\/crzp.mzp.cz\/portal\/agendy-registry\/\"},{\"@type\":\"ListItem\",\"position\":3,\"name\":\"Provozovny IRZ\"}]},{\"@type\":\"WebSite\",\"@id\":\"https:\/\/crzp.mzp.cz\/portal\/#website\",\"url\":\"https:\/\/crzp.mzp.cz\/portal\/\",\"name\":\"CR\u017dP\",\"description\":\"Centr\u00e1ln\u00ed registr \u017eivotn\u00edho prost\u0159ed\u00ed\",\"potentialAction\":[{\"@type\":\"SearchAction\",\"target\":{\"@type\":\"EntryPoint\",\"urlTemplate\":\"https:\/\/crzp.mzp.cz\/portal\/?s={search_term_string}\"},\"query-input\":\"required name=search_term_string\"}],\"inLanguage\":\"cs\"}]}<\/script>\n<!-- \/ Yoast SEO plugin. -->","yoast_head_json":{"title":"Provozovny IRZ - CR\u017dP","robots":{"index":"index","follow":"follow","max-snippet":"max-snippet:-1","max-image-preview":"max-image-preview:large","max-video-preview":"max-video-preview:-1"},"canonical":"https:\/\/crzp.mzp.cz\/portal\/agendy-registry\/provozovny-irz\/","og_locale":"cs_CZ","og_type":"article","og_title":"Provozovny IRZ - CR\u017dP","og_description":"Provozovny IRZ V\u00a0syst\u00e9mu CR\u017dP za \u00fa\u010delem pln\u011bn\u00ed ohla\u0161ovac\u00edch povinnost\u00ed, kter\u00e9 vych\u00e1zej\u00ed ze z\u00e1kona \u010d.&nbsp;25\/2008 Sb., o&nbsp;IRZ a&nbsp;ISPOP tzv.&nbsp;Registr provozoven IRZ. Provozovny IRZ reprezentuj\u00ed konkr\u00e9tn\u00ed stavbu, provoz atp. kter\u00fd dle z\u00e1kona o&nbsp;IRZ a&nbsp;ISPOP spad\u00e1 do&nbsp;re\u017eimu nutnosti ohl\u00e1sit. Registrace provozoven IRZ se&nbsp;prov\u00e1d\u00ed v&nbsp;u\u017eivatelsk\u00e9m \u00fa\u010dtu po&nbsp;p\u0159ihl\u00e1\u0161en\u00ed do&nbsp;syst\u00e9mu CR\u017dP a&nbsp;nen\u00ed t\u0159eba ji autorizovat. Registrace provozovny IRZ proch\u00e1z\u00ed kontrolou provozovatelem&hellip;","og_url":"https:\/\/crzp.mzp.cz\/portal\/agendy-registry\/provozovny-irz\/","og_site_name":"CR\u017dP","article_modified_time":"2022-12-31T09:43:30+00:00","twitter_card":"summary_large_image","twitter_misc":{"Est. reading time":"1 minuta"},"schema":{"@context":"https:\/\/schema.org","@graph":[{"@type":"WebPage","@id":"https:\/\/crzp.mzp.cz\/portal\/agendy-registry\/provozovny-irz\/","url":"https:\/\/crzp.mzp.cz\/portal\/agendy-registry\/provozovny-irz\/","name":"Provozovny IRZ - CR\u017dP","isPartOf":{"@id":"https:\/\/crzp.mzp.cz\/portal\/#website"},"datePublished":"2021-12-16T23:52:30+00:00","dateModified":"2022-12-31T09:43:30+00:00","breadcrumb":{"@id":"https:\/\/crzp.mzp.cz\/portal\/agendy-registry\/provozovny-irz\/#breadcrumb"},"inLanguage":"cs","potentialAction":[{"@type":"ReadAction","target":["https:\/\/crzp.mzp.cz\/portal\/agendy-registry\/provozovny-irz\/"]}]},{"@type":"BreadcrumbList","@id":"https:\/\/crzp.mzp.cz\/portal\/agendy-registry\/provozovny-irz\/#breadcrumb","itemListElement":[{"@type":"ListItem","position":1,"name":"Home","item":"https:\/\/crzp.mzp.cz\/portal\/"},{"@type":"ListItem","position":2,"name":"Agendy a&nbsp;registry","item":"https:\/\/crzp.mzp.cz\/portal\/agendy-registry\/"},{"@type":"ListItem","position":3,"name":"Provozovny IRZ"}]},{"@type":"WebSite","@id":"https:\/\/crzp.mzp.cz\/portal\/#website","url":"https:\/\/crzp.mzp.cz\/portal\/","name":"CR\u017dP","description":"Centr\u00e1ln\u00ed registr \u017eivotn\u00edho prost\u0159ed\u00ed","potentialAction":[{"@type":"SearchAction","target":{"@type":"EntryPoint","urlTemplate":"https:\/\/crzp.mzp.cz\/portal\/?s={search_term_string}"},"query-input":"required name=search_term_string"}],"inLanguage":"cs"}]}},"_links":{"self":[{"href":"https:\/\/crzp.mzp.cz\/portal\/wp-json\/wp\/v2\/pages\/2303"}],"collection":[{"href":"https:\/\/crzp.mzp.cz\/portal\/wp-json\/wp\/v2\/pages"}],"about":[{"href":"https:\/\/crzp.mzp.cz\/portal\/wp-json\/wp\/v2\/types\/page"}],"author":[{"embeddable":true,"href":"https:\/\/crzp.mzp.cz\/portal\/wp-json\/wp\/v2\/users\/151"}],"replies":[{"embeddable":true,"href":"https:\/\/crzp.mzp.cz\/portal\/wp-json\/wp\/v2\/comments?post=2303"}],"version-history":[{"count":4,"href":"https:\/\/crzp.mzp.cz\/portal\/wp-json\/wp\/v2\/pages\/2303\/revisions"}],"predecessor-version":[{"id":2767,"href":"https:\/\/crzp.mzp.cz\/portal\/wp-json\/wp\/v2\/pages\/2303\/revisions\/2767"}],"up":[{"embeddable":true,"href":"https:\/\/crzp.mzp.cz\/portal\/wp-json\/wp\/v2\/pages\/2292"}],"wp:attachment":[{"href":"https:\/\/crzp.mzp.cz\/portal\/wp-json\/wp\/v2\/media?parent=2303"}],"curies":[{"name":"wp","href":"https:\/\/api.w.org\/{rel}","templated":true}]}}