{"id":2294,"date":"2021-12-16T23:46:03","date_gmt":"2021-12-16T23:46:03","guid":{"rendered":"https:\/\/crzp.mzp.cz\/portal\/?page_id=2294"},"modified":"2026-01-07T08:55:57","modified_gmt":"2026-01-07T08:55:57","slug":"zmocneni","status":"publish","type":"page","link":"https:\/\/crzp.mzp.cz\/portal\/agendy-registry\/zmocneni\/","title":{"rendered":"Zmocn\u011bn\u00ed"},"content":{"rendered":"\n<h1>\n\t\tZmocn\u011bn\u00ed\n\t<\/h1>\n\t<p><strong>Syst\u00e9m CR\u017dP<\/strong> umo\u017e\u0148uje u\u017eivatel\u016fm vytvo\u0159it vazbu zmocn\u011bn\u00ed, kter\u00e1 oprav\u0148uje extern\u00ed subjekt zmocn\u011bnce vykon\u00e1vat vybran\u00e9 agendy za subjekt zmocnitele.<\/p>\n<p><strong>Zmocn\u011bn\u00ed pro nov\u011b vzniklou ohla\u0161ovac\u00ed povinnost &#8211;\u00a0<\/strong>V p\u0159\u00edpad\u011b, \u017ee&nbsp;v&nbsp;CR\u017dP existuje mezi subjektem zmocn\u011bnce a&nbsp;zmocnitele <strong>platn\u00e9<\/strong> zmocn\u011bn\u00ed pro konkr\u00e9tn\u00ed agendu (nap\u0159.&nbsp;agenda ovzdu\u0161\u00ed, agenda vod), v&nbsp;r\u00e1mci kter\u00e9 vznikne nov\u00e1 ohla\u0161ovac\u00ed povinnost, <strong>nem\u00e1 <\/strong>zmocn\u011bnec <strong>AUTOMATICKY<\/strong> v\u00a0syst\u00e9mu ISPOP ke sta\u017een\u00ed nov\u00fd formul\u00e1\u0159 (nap\u0159.\u00a0F_OVZ_TERM_JME; F_VOD_HAV).\u00a0V takov\u00e9m p\u0159\u00edpad\u011b je nutn\u00e9 zadat opakovan\u011b \u017e\u00e1dost o&nbsp;zmocn\u011bn\u00ed, p\u0159ilo\u017eit ji\u017e existuj\u00edc\u00ed dokument pln\u00e9 moci a&nbsp;v&nbsp;procesu \u017e\u00e1dosti pak vybrat pouze po\u017eadovanou ohla\u0161ovac\u00ed povinnost (Typ hl\u00e1\u0161en\u00ed).<\/p>\n<p>Po schv\u00e1len\u00ed \u017e\u00e1dosti oper\u00e1torem a\u00a0pot\u0159ebn\u00e9 synchronizaci dat mezi syst\u00e9my trvaj\u00edc\u00ed cca 15 minut bude po\u017eadovan\u00fd formul\u00e1\u0159 v\u00a0\u00fa\u010dtu zmocn\u011bnce v\u00a0syst\u00e9mu ISPOP p\u0159ipraven\u00fd ke sta\u017een\u00ed.<\/p>\n<p><strong>UPOZORN\u011aN\u00cd:<\/strong> Zmocn\u011bn\u00ed se&nbsp;prokazuje pouze v&nbsp;p\u0159\u00edpad\u011b, \u017ee&nbsp;povinn\u00fd subjekt zastupuje extern\u00ed zmocn\u011bnec. Pokud za subjekt jedn\u00e1 zam\u011bstnanec subjektu, nen\u00ed pln\u00e1 moc syst\u00e9mem vy\u017eadov\u00e1na, v&nbsp;takov\u00e9m p\u0159\u00edpad\u011b zmocn\u011bn\u00ed neprokazujete.\u00a0<\/p>\n<p>Podm\u00ednkou k&nbsp;t\u011bmto \u00fakon\u016fm je vlo\u017een\u00ed pln\u00e9 moci, spl\u0148uj\u00edc\u00ed po\u017eadavky \u00a7 33 z\u00e1kona \u010d.&nbsp;500\/2004 Sb., spr\u00e1vn\u00edho \u0159\u00e1du, do&nbsp;syst\u00e9mu <strong>CR\u017dP<\/strong> prost\u0159ednictv\u00edm sv\u00e9ho \u00fa\u010dtu &#8211; vytvo\u0159it vazbu zmocn\u011bn\u00ed.<\/p>\n<p>Vazba zmocn\u011bn\u00ed lze v\u00a0sou\u010dasn\u00e9 dob\u011b vytvo\u0159it pro tyto agendy:<\/p>\n<ul>\n<li>Pod\u00e1n\u00ed \u017e\u00e1dosti o&nbsp;hodnocen\u00ed nebezpe\u010dn\u00fdch vlastnost\u00ed opad\u016f v&nbsp;syst\u00e9mu HNVO<\/li>\n<li>Pln\u011bn\u00ed ohla\u0161ovac\u00edch povinnost\u00ed v&nbsp;syst\u00e9mu ISPOP<\/li>\n<li>Nahl\u00e1\u0161en\u00ed p\u0159epravy nebezpe\u010dn\u00fdch odpad\u016f v&nbsp;syst\u00e9mu SEPNO<\/li>\n<\/ul>\n<p>Dle z\u00e1kona \u010d.&nbsp;25\/2008 Sb., o&nbsp;IRZ a&nbsp;ISPOP je nutn\u00e9 zmocn\u011bn\u00ed prok\u00e1zat prost\u0159ednictv\u00edm pln\u00e9 moci v&nbsp;elektronick\u00e9 podob\u011b nebo autorizovanou konverz\u00ed pln\u00e9 moci v&nbsp;listinn\u00e9 podob\u011b. Konverz\u00ed se&nbsp;v&nbsp;souladu s&nbsp;ustanoven\u00edm \u00a7 22 odstavec 1 z\u00e1kona \u010d.&nbsp;300\/2008 Sb., o&nbsp;elektronick\u00fdch \u00fakonech a&nbsp;autorizovan\u00e9 konverzi dokument\u016f, rozum\u00ed \u00fapln\u00e9 p\u0159eveden\u00ed dokumentu v&nbsp;listinn\u00e9 podob\u011b do&nbsp;dokumentu obsa\u017een\u00e9ho v&nbsp;datov\u00e9 zpr\u00e1v\u011b nebo datov\u00e9m souboru a&nbsp;ov\u011b\u0159en\u00ed shody obsahu t\u011bchto dokument\u016f a&nbsp;p\u0159ipojen\u00ed ov\u011b\u0159ovac\u00ed dolo\u017eky.<\/p>\n<p>Konverzi lze prov\u00e9st prost\u0159ednictv\u00edm CzechPOINT &#8211; b\u011b\u017en\u011b na pobo\u010dk\u00e1ch \u010cesk\u00e9 po\u0161ty, m\u011bstsk\u00fdch \u00fa\u0159ad\u016f, &#8230; a&nbsp;d\u00e1le v\u00a0souladu s&nbsp;\u00a7 25c z\u00e1kona \u010d.&nbsp;85\/1996 Sb., o&nbsp;advokacii tak\u00e9 v&nbsp;advok\u00e1tn\u00ed kancel\u00e1\u0159i.<\/p>\n<p><strong>N\u00e1le\u017eitosti platn\u00e9 pln\u00e9 moci vkl\u00e1dan\u00e9 do&nbsp;CR\u017dP<\/strong><\/p>\n<ol>\n<li>Pln\u00e1 moc m\u016f\u017ee b\u00fdt ud\u011blena fyzick\u00e9 i&nbsp;pr\u00e1vnick\u00e9 osob\u011b.<\/li>\n<li>Pln\u00e1 moc ud\u011blen\u00e1 na ve\u0161ker\u00e9 \u00fakony spojen\u00e9 s&nbsp;ohla\u0161ov\u00e1n\u00edm prost\u0159ednictv\u00edm ISPOP se&nbsp;vztahuje i&nbsp;na registraci subjektu.<\/li>\n<li>Subjekty obou z\u00fa\u010dastn\u011bn\u00fdch stran, tzn.&nbsp;subjekt Zmocnitele i&nbsp;Zmocn\u011bnce mus\u00ed b\u00fdt identifikov\u00e1ny n\u00e1zvem subjektu a&nbsp;p\u0159id\u011blen\u00fdm I\u010c, p\u0159\u00edpadn\u011b jm\u00e9nem, p\u0159\u00edjmen\u00edm a&nbsp;datem narozen\u00ed u&nbsp;fyzick\u00fdch osob.<\/li>\n<li>V pln\u00e9 moci by m\u011blo b\u00fdt uvedeno, k&nbsp;jak\u00e9 ohla\u0161ovan\u00e9 oblasti se&nbsp;zmocn\u011bn\u00ed vztahuje (nap\u0159.&nbsp;k&nbsp;agend\u011b odpad\u016f, ovzdu\u0161\u00ed apod.).<\/li>\n<li>V pln\u00e9 moci mus\u00ed b\u00fdt uveden datum ud\u011blen\u00ed, po\u010d\u00e1tku platnosti pln\u00e9 moci.<\/li>\n<li>Pln\u00e1 moc mus\u00ed obsahovat dobu platnosti &#8211; zda se&nbsp;jedn\u00e1 o&nbsp;dobu ur\u010ditou \u010di&nbsp;neur\u010ditou.<\/li>\n<li>Podpis zmocnitele na pln\u00e9 moci ud\u011blen\u00e9 na dobu ur\u010ditou nemus\u00ed b\u00fdt \u00fa\u0159edn\u011b ov\u011b\u0159en.<\/li>\n<li>Podpis zmocnitele na pln\u00e9 moci ud\u011blen\u00e9 na dobu neur\u010ditou mus\u00ed b\u00fdt v\u017edy \u00fa\u0159edn\u011b ov\u011b\u0159en.<\/li>\n<li>V p\u0159\u00edpad\u011b elektronick\u00e9 pln\u00e9 moci, tj.&nbsp;pln\u00e1 moc opat\u0159en\u00e1 elektronick\u00fdm podpisem (zmocnitele) mus\u00ed b\u00fdt pln\u00e1 moc ud\u011blena v\u00fdhradn\u011b na dobou ur\u010ditou.<\/li>\n<li>Podpis Zmocn\u011bnce na pln\u00e9 moci nen\u00ed vy\u017eadov\u00e1n.<\/li>\n<li>Pln\u00e1 moc ud\u011blen\u00e1 p\u016fvodn\u011b v&nbsp;listinn\u00e9 podob\u011b mus\u00ed b\u00fdt konvertovan\u00e1, nebo mus\u00ed j\u00edt o&nbsp;elektronickou plnou moc (tzn.&nbsp;podpisy jsou elektronick\u00e9).<\/li>\n<\/ol>\n<p>Konvertovanou plnou moc p\u0159ilo\u017e\u00ed zmocn\u011bnec prost\u0159ednictv\u00edm sv\u00e9ho \u00fa\u010dtu do&nbsp;syst\u00e9mu CR\u017dP.<\/p>\n<p>Pro u\u017eivatele syst\u00e9mu CR\u017dP je p\u0159ipraven vzor pln\u00e9 moci, kter\u00fd spl\u0148uje v\u0161echny legislativn\u00ed n\u00e1le\u017eitosti a&nbsp;je ke sta\u017een\u00ed <a href=\"https:\/\/crzp.mzp.cz\/portal\/wp-content\/uploads\/CRZP_Plna_moc_vzor.docx\"><strong>zde<\/strong><\/a>.<\/p>\n<p>Podrobn\u00fd n\u00e1vod k&nbsp;vlo\u017een\u00ed pln\u00e9 moci do&nbsp;syst\u00e9mu CR\u017dP je dostupn\u00fd<a href=\"https:\/\/crzp.mzp.cz\/portal\/wp-content\/uploads\/CRZP_Manual_Zmocneni.pdf\"><strong> zde<\/strong><\/a>.<\/p>\n\t<h2>Technick\u00e1 podpora<\/h2>\n<p>Technick\u00e1 podpora je dostupn\u00e1 v&nbsp;p\u00edsemn\u00e9 podob\u011b prost\u0159ednictv\u00edm helpdesk <strong>(<a href=\"https:\/\/podpora.cenia.cz\/\">podpora.cenia.cz<\/a>).<\/strong><\/p>\n<p>Telefonick\u00e1 podpora je zaji\u0161\u0165ov\u00e1na ka\u017ed\u00fd pracovn\u00ed den <strong>od 9:00 do&nbsp;15:00 <\/strong>na telefonn\u00edm \u010d\u00edsle <strong>490&nbsp;522&nbsp;550<\/strong>.<\/p>\n<p>Mimo provozn\u00ed dobu telefonick\u00e9 podpory pros\u00edm vyu\u017e\u00edvejte p\u00edsemn\u00fd helpdesk.<\/p>\n\t\t\t<a href=\"https:\/\/podpora.cenia.cz\/?ref=crzp\" target=\"_blank\" rel=\"noopener\">\n\t\t\t\t\t\t\tZaslat dotaz\n\t\t\t\t\t<\/a>\n\t<h2>Pl\u00e1novan\u00e9 odst\u00e1vky<\/h2>\n<p><strong>ka\u017edou st\u0159edu<\/strong><\/p>\n<p><strong>20:00 &#8211; 23:59<\/strong><\/p>\n<p>Nedostupnost 10-20 minut<\/p>\n<p>v uveden\u00e9m rozmez\u00ed.<\/p>\n\n","protected":false},"excerpt":{"rendered":"<p>Zmocn\u011bn\u00ed Syst\u00e9m CR\u017dP umo\u017e\u0148uje u\u017eivatel\u016fm vytvo\u0159it vazbu zmocn\u011bn\u00ed, kter\u00e1 oprav\u0148uje extern\u00ed subjekt zmocn\u011bnce vykon\u00e1vat vybran\u00e9 agendy za subjekt zmocnitele. Zmocn\u011bn\u00ed pro nov\u011b vzniklou ohla\u0161ovac\u00ed povinnost &#8211;\u00a0V p\u0159\u00edpad\u011b, \u017ee&nbsp;v&nbsp;CR\u017dP existuje mezi subjektem zmocn\u011bnce a&nbsp;zmocnitele platn\u00e9 zmocn\u011bn\u00ed pro konkr\u00e9tn\u00ed agendu (nap\u0159.&nbsp;agenda ovzdu\u0161\u00ed, agenda vod), v&nbsp;r\u00e1mci kter\u00e9 vznikne nov\u00e1 ohla\u0161ovac\u00ed povinnost, nem\u00e1 zmocn\u011bnec AUTOMATICKY v\u00a0syst\u00e9mu ISPOP ke sta\u017een\u00ed&hellip;<\/p>\n","protected":false},"author":151,"featured_media":0,"parent":2292,"menu_order":0,"comment_status":"closed","ping_status":"closed","template":"","meta":{"inline_featured_image":false,"footnotes":""},"yoast_head":"<!-- This site is optimized with the Yoast SEO plugin v20.13 - https:\/\/yoast.com\/wordpress\/plugins\/seo\/ -->\n<title>Zmocn\u011bn\u00ed - CR\u017dP<\/title>\n<meta name=\"robots\" content=\"index, follow, max-snippet:-1, max-image-preview:large, max-video-preview:-1\" \/>\n<link rel=\"canonical\" href=\"https:\/\/crzp.mzp.cz\/portal\/agendy-registry\/zmocneni\/\" \/>\n<meta property=\"og:locale\" content=\"cs_CZ\" \/>\n<meta property=\"og:type\" content=\"article\" \/>\n<meta property=\"og:title\" content=\"Zmocn\u011bn\u00ed - CR\u017dP\" \/>\n<meta property=\"og:description\" content=\"Zmocn\u011bn\u00ed Syst\u00e9m CR\u017dP umo\u017e\u0148uje u\u017eivatel\u016fm vytvo\u0159it vazbu zmocn\u011bn\u00ed, kter\u00e1 oprav\u0148uje extern\u00ed subjekt zmocn\u011bnce vykon\u00e1vat vybran\u00e9 agendy za subjekt zmocnitele. Zmocn\u011bn\u00ed pro nov\u011b vzniklou ohla\u0161ovac\u00ed povinnost &#8211;\u00a0V p\u0159\u00edpad\u011b, \u017ee&nbsp;v&nbsp;CR\u017dP existuje mezi subjektem zmocn\u011bnce a&nbsp;zmocnitele platn\u00e9 zmocn\u011bn\u00ed pro konkr\u00e9tn\u00ed agendu (nap\u0159.&nbsp;agenda ovzdu\u0161\u00ed, agenda vod), v&nbsp;r\u00e1mci kter\u00e9 vznikne nov\u00e1 ohla\u0161ovac\u00ed povinnost, nem\u00e1 zmocn\u011bnec AUTOMATICKY v\u00a0syst\u00e9mu ISPOP ke sta\u017een\u00ed&hellip;\" \/>\n<meta property=\"og:url\" content=\"https:\/\/crzp.mzp.cz\/portal\/agendy-registry\/zmocneni\/\" \/>\n<meta property=\"og:site_name\" content=\"CR\u017dP\" \/>\n<meta property=\"article:modified_time\" content=\"2026-01-07T08:55:57+00:00\" \/>\n<meta name=\"twitter:card\" content=\"summary_large_image\" \/>\n<script type=\"application\/ld+json\" class=\"yoast-schema-graph\">{\"@context\":\"https:\/\/schema.org\",\"@graph\":[{\"@type\":\"WebPage\",\"@id\":\"https:\/\/crzp.mzp.cz\/portal\/agendy-registry\/zmocneni\/\",\"url\":\"https:\/\/crzp.mzp.cz\/portal\/agendy-registry\/zmocneni\/\",\"name\":\"Zmocn\u011bn\u00ed - CR\u017dP\",\"isPartOf\":{\"@id\":\"https:\/\/crzp.mzp.cz\/portal\/#website\"},\"datePublished\":\"2021-12-16T23:46:03+00:00\",\"dateModified\":\"2026-01-07T08:55:57+00:00\",\"breadcrumb\":{\"@id\":\"https:\/\/crzp.mzp.cz\/portal\/agendy-registry\/zmocneni\/#breadcrumb\"},\"inLanguage\":\"cs\",\"potentialAction\":[{\"@type\":\"ReadAction\",\"target\":[\"https:\/\/crzp.mzp.cz\/portal\/agendy-registry\/zmocneni\/\"]}]},{\"@type\":\"BreadcrumbList\",\"@id\":\"https:\/\/crzp.mzp.cz\/portal\/agendy-registry\/zmocneni\/#breadcrumb\",\"itemListElement\":[{\"@type\":\"ListItem\",\"position\":1,\"name\":\"Home\",\"item\":\"https:\/\/crzp.mzp.cz\/portal\/\"},{\"@type\":\"ListItem\",\"position\":2,\"name\":\"Agendy a&nbsp;registry\",\"item\":\"https:\/\/crzp.mzp.cz\/portal\/agendy-registry\/\"},{\"@type\":\"ListItem\",\"position\":3,\"name\":\"Zmocn\u011bn\u00ed\"}]},{\"@type\":\"WebSite\",\"@id\":\"https:\/\/crzp.mzp.cz\/portal\/#website\",\"url\":\"https:\/\/crzp.mzp.cz\/portal\/\",\"name\":\"CR\u017dP\",\"description\":\"Centr\u00e1ln\u00ed registr \u017eivotn\u00edho prost\u0159ed\u00ed\",\"potentialAction\":[{\"@type\":\"SearchAction\",\"target\":{\"@type\":\"EntryPoint\",\"urlTemplate\":\"https:\/\/crzp.mzp.cz\/portal\/?s={search_term_string}\"},\"query-input\":\"required name=search_term_string\"}],\"inLanguage\":\"cs\"}]}<\/script>\n<!-- \/ Yoast SEO plugin. -->","yoast_head_json":{"title":"Zmocn\u011bn\u00ed - CR\u017dP","robots":{"index":"index","follow":"follow","max-snippet":"max-snippet:-1","max-image-preview":"max-image-preview:large","max-video-preview":"max-video-preview:-1"},"canonical":"https:\/\/crzp.mzp.cz\/portal\/agendy-registry\/zmocneni\/","og_locale":"cs_CZ","og_type":"article","og_title":"Zmocn\u011bn\u00ed - CR\u017dP","og_description":"Zmocn\u011bn\u00ed Syst\u00e9m CR\u017dP umo\u017e\u0148uje u\u017eivatel\u016fm vytvo\u0159it vazbu zmocn\u011bn\u00ed, kter\u00e1 oprav\u0148uje extern\u00ed subjekt zmocn\u011bnce vykon\u00e1vat vybran\u00e9 agendy za subjekt zmocnitele. Zmocn\u011bn\u00ed pro nov\u011b vzniklou ohla\u0161ovac\u00ed povinnost &#8211;\u00a0V p\u0159\u00edpad\u011b, \u017ee&nbsp;v&nbsp;CR\u017dP existuje mezi subjektem zmocn\u011bnce a&nbsp;zmocnitele platn\u00e9 zmocn\u011bn\u00ed pro konkr\u00e9tn\u00ed agendu (nap\u0159.&nbsp;agenda ovzdu\u0161\u00ed, agenda vod), v&nbsp;r\u00e1mci kter\u00e9 vznikne nov\u00e1 ohla\u0161ovac\u00ed povinnost, nem\u00e1 zmocn\u011bnec AUTOMATICKY v\u00a0syst\u00e9mu ISPOP ke sta\u017een\u00ed&hellip;","og_url":"https:\/\/crzp.mzp.cz\/portal\/agendy-registry\/zmocneni\/","og_site_name":"CR\u017dP","article_modified_time":"2026-01-07T08:55:57+00:00","twitter_card":"summary_large_image","schema":{"@context":"https:\/\/schema.org","@graph":[{"@type":"WebPage","@id":"https:\/\/crzp.mzp.cz\/portal\/agendy-registry\/zmocneni\/","url":"https:\/\/crzp.mzp.cz\/portal\/agendy-registry\/zmocneni\/","name":"Zmocn\u011bn\u00ed - CR\u017dP","isPartOf":{"@id":"https:\/\/crzp.mzp.cz\/portal\/#website"},"datePublished":"2021-12-16T23:46:03+00:00","dateModified":"2026-01-07T08:55:57+00:00","breadcrumb":{"@id":"https:\/\/crzp.mzp.cz\/portal\/agendy-registry\/zmocneni\/#breadcrumb"},"inLanguage":"cs","potentialAction":[{"@type":"ReadAction","target":["https:\/\/crzp.mzp.cz\/portal\/agendy-registry\/zmocneni\/"]}]},{"@type":"BreadcrumbList","@id":"https:\/\/crzp.mzp.cz\/portal\/agendy-registry\/zmocneni\/#breadcrumb","itemListElement":[{"@type":"ListItem","position":1,"name":"Home","item":"https:\/\/crzp.mzp.cz\/portal\/"},{"@type":"ListItem","position":2,"name":"Agendy a&nbsp;registry","item":"https:\/\/crzp.mzp.cz\/portal\/agendy-registry\/"},{"@type":"ListItem","position":3,"name":"Zmocn\u011bn\u00ed"}]},{"@type":"WebSite","@id":"https:\/\/crzp.mzp.cz\/portal\/#website","url":"https:\/\/crzp.mzp.cz\/portal\/","name":"CR\u017dP","description":"Centr\u00e1ln\u00ed registr \u017eivotn\u00edho prost\u0159ed\u00ed","potentialAction":[{"@type":"SearchAction","target":{"@type":"EntryPoint","urlTemplate":"https:\/\/crzp.mzp.cz\/portal\/?s={search_term_string}"},"query-input":"required name=search_term_string"}],"inLanguage":"cs"}]}},"_links":{"self":[{"href":"https:\/\/crzp.mzp.cz\/portal\/wp-json\/wp\/v2\/pages\/2294"}],"collection":[{"href":"https:\/\/crzp.mzp.cz\/portal\/wp-json\/wp\/v2\/pages"}],"about":[{"href":"https:\/\/crzp.mzp.cz\/portal\/wp-json\/wp\/v2\/types\/page"}],"author":[{"embeddable":true,"href":"https:\/\/crzp.mzp.cz\/portal\/wp-json\/wp\/v2\/users\/151"}],"replies":[{"embeddable":true,"href":"https:\/\/crzp.mzp.cz\/portal\/wp-json\/wp\/v2\/comments?post=2294"}],"version-history":[{"count":18,"href":"https:\/\/crzp.mzp.cz\/portal\/wp-json\/wp\/v2\/pages\/2294\/revisions"}],"predecessor-version":[{"id":3230,"href":"https:\/\/crzp.mzp.cz\/portal\/wp-json\/wp\/v2\/pages\/2294\/revisions\/3230"}],"up":[{"embeddable":true,"href":"https:\/\/crzp.mzp.cz\/portal\/wp-json\/wp\/v2\/pages\/2292"}],"wp:attachment":[{"href":"https:\/\/crzp.mzp.cz\/portal\/wp-json\/wp\/v2\/media?parent=2294"}],"curies":[{"name":"wp","href":"https:\/\/api.w.org\/{rel}","templated":true}]}}