{"id":2279,"date":"2021-12-16T23:02:45","date_gmt":"2021-12-16T23:02:45","guid":{"rendered":"https:\/\/crzp.mzp.cz\/portal\/?page_id=2279"},"modified":"2024-05-20T14:06:15","modified_gmt":"2024-05-20T14:06:15","slug":"napojene-systemy","status":"publish","type":"page","link":"https:\/\/crzp.mzp.cz\/portal\/o-crzp\/napojene-systemy\/","title":{"rendered":"Napojen\u00e9 syst\u00e9my"},"content":{"rendered":"\n<h1>\n\t\tNapojen\u00e9 syst\u00e9my\n\t<\/h1>\n\t<p><strong>Centr\u00e1ln\u00ed registr \u017eivotn\u00edho prost\u0159ed\u00ed (CR\u017dP)<\/strong> poskytuje \u0159ad\u011b agendov\u00fdch informa\u010dn\u00edch syst\u00e9m\u016f (AIS) slu\u017eby a&nbsp;data a&nbsp;pln\u00ed funkci datab\u00e1ze u\u017eivatel\u016f, subjekt\u016f, opr\u00e1vn\u011bn\u00ed, provozoven a&nbsp;dal\u0161\u00edch entit, se&nbsp;kter\u00fdmi navazuj\u00edc\u00ed syst\u00e9my pracuj\u00ed p\u0159i&nbsp;v\u00fdkonu sv\u00e9 agendy.<\/p>\n\t\t\t\t\t<a href=\"#\" id=\"fl-accordion--label-0\" tabindex=\"0\" aria-controls=\"fl-accordion--panel-0\">ISPOP<\/a>\n\t\t\t\t\t\t\t\t\t\t\t<a href=\"#\" id=\"fl-accordion--icon-0\" tabindex=\"0\" aria-controls=\"fl-accordion--panel-0\"><i>Expand<\/i><\/a>\n\t\t\t\t\t<p><img loading=\"lazy\" decoding=\"async\" src=\"https:\/\/crzp.mzp.cz\/portal\/wp-content\/uploads\/ispop-1.png\" alt=\"\" width=\"183\" height=\"74\" \/><\/p>\n<p><strong>Integrovan\u00fd syst\u00e9m pln\u011bn\u00ed ohla\u0161ovac\u00edch povinnost\u00ed (ISPOP)<\/strong> zaji\u0161\u0165uje p\u0159\u00edjem a&nbsp;zpracov\u00e1n\u00ed vybran\u00fdch hl\u00e1\u0161en\u00ed v&nbsp;elektronick\u00e9 podob\u011b, podan\u00fdch na z\u00e1klad\u011b jednotliv\u00fdch ohla\u0161ovac\u00edch povinnost\u00ed v&nbsp;oblasti \u017eivotn\u00edho prost\u0159ed\u00ed, a&nbsp;jejich dal\u0161\u00ed distribuci p\u0159\u00edslu\u0161n\u00fdm instituc\u00edm ve\u0159ejn\u00e9 spr\u00e1vy.<\/p>\n<p><strong>ISPOP<\/strong> byl z\u0159\u00edzen na z\u00e1klad\u011b \u00a7 4 odst. 1 z\u00e1kona \u010d.&nbsp;25\/2008 Sb., o&nbsp;integrovan\u00e9m registru zne\u010di\u0161\u0165ov\u00e1n\u00ed \u017eivotn\u00edho prost\u0159ed\u00ed a&nbsp;integrovan\u00e9m syst\u00e9mu pln\u011bn\u00ed ohla\u0161ovac\u00edch povinnost\u00ed v\u00a0oblasti \u017eivotn\u00edho prost\u0159ed\u00ed a&nbsp;o\u00a0zm\u011bn\u011b n\u011bkter\u00fdch z\u00e1kon\u016f, ve zn\u011bn\u00ed pozd\u011bj\u0161\u00edch p\u0159edpis\u016f.<\/p>\n<p>CR\u017dP poskytuje syst\u00e9mu <strong>ISPOP<\/strong> data nezbytn\u00e1 pro spln\u011bn\u00ed ohla\u0161ovac\u00edch povinnost\u00ed. Zprost\u0159edkov\u00e1v\u00e1 \u00fadaje o&nbsp;ohla\u0161ovac\u00edch subjektech, u\u017eivatel\u00edch a&nbsp;jejich rol\u00edch, provozovn\u00e1ch IRZ, provozovn\u00e1ch Ovzdu\u0161\u00ed a&nbsp;opr\u00e1vn\u011bn\u00edch OZO. Syst\u00e9m CR\u017dP d\u00e1le umo\u017e\u0148uje vytvo\u0159it vazbu zmocn\u011bn\u00ed mezi subjekty, kter\u00e1 slou\u017e\u00ed pro zastoupen\u00ed ve v\u00fdkonu agendy v&nbsp;syst\u00e9mu <strong>ISPOP<\/strong>.<\/p>\n<p>Dal\u0161\u00ed informace o&nbsp;syst\u00e9mu <strong>ISPOP<\/strong> a&nbsp;ohla\u0161ovac\u00edch povinnostech jsou dostupn\u00e9 na <a href=\"https:\/\/www.ispop.cz\/\"><strong>webov\u00e9m port\u00e1lu syst\u00e9mu<\/strong><\/a>.<\/p>\n\t\t\t\t\t<a href=\"#\" id=\"fl-accordion--label-1\" tabindex=\"0\" aria-controls=\"fl-accordion--panel-1\">SEPNO<\/a>\n\t\t\t\t\t\t\t\t\t\t\t<a href=\"#\" id=\"fl-accordion--icon-1\" tabindex=\"0\" aria-controls=\"fl-accordion--panel-1\"><i>Expand<\/i><\/a>\n\t\t\t\t\t<p><img loading=\"lazy\" decoding=\"async\" src=\"https:\/\/crzp.mzp.cz\/portal\/wp-content\/uploads\/Logo_SEPNO_pruhledne-300x202.png\" alt=\"\" width=\"153\" height=\"103\" \/><\/p>\n<p><strong>Syst\u00e9m evidence p\u0159epravy nebezpe\u010dn\u00fdch odpad\u016f (SEPNO)<\/strong> poskytuje elektronick\u00e9 slu\u017eby za \u00fa\u010delem p\u0159\u00edjmu a&nbsp;zpracov\u00e1n\u00ed Ohla\u0161ovac\u00edch list\u016f p\u0159epravy nebezpe\u010dn\u00fdch odpad\u016f v&nbsp;elektronick\u00e9 podob\u011b a&nbsp;jejich dal\u0161\u00ed zp\u0159\u00edstupn\u011bn\u00ed p\u0159\u00edslu\u0161n\u00fdm instituc\u00edm ve\u0159ejn\u00e9 spr\u00e1vy. Povinnost ohla\u0161ov\u00e1n\u00ed p\u0159epravy nebezpe\u010dn\u00fdch odpad\u016f vych\u00e1z\u00ed z&nbsp;\u00a7 78 a&nbsp;\u00a7 79 z\u00e1kona \u010d.&nbsp;541\/2020 Sb., o&nbsp;odpadech.<\/p>\n<p><strong>CR\u017dP<\/strong> poskytuje syst\u00e9mu <strong>SEPNO<\/strong> data o&nbsp;subjektech, u\u017eivatel\u00edch a&nbsp;jejich rol\u00edch, kter\u00e9 je oprav\u0148uj\u00ed p\u0159istupovat do&nbsp;syst\u00e9mu <strong>SEPNO<\/strong>. Syst\u00e9m <strong>CR\u017dP<\/strong> d\u00e1le umo\u017e\u0148uje vytvo\u0159it vazbu zmocn\u011bn\u00ed mezi subjekty, kter\u00e1 slou\u017e\u00ed pro\u00a0zastoupen\u00ed ve v\u00fdkonu agendy v&nbsp;<strong>SEPNO<\/strong>.<\/p>\n<p>Dal\u0161\u00ed informace o&nbsp;syst\u00e9mu <strong>SEPNO<\/strong> a&nbsp;p\u0159eprav\u011b nebezpe\u010dn\u00fdch odpad\u016f jsou dostupn\u00e9 na <a href=\"https:\/\/www.sepno.cz\/\"><strong>webov\u00e9m port\u00e1lu syst\u00e9mu<\/strong><\/a>.<\/p>\n\t\t\t\t\t<a href=\"#\" id=\"fl-accordion--label-2\" tabindex=\"0\" aria-controls=\"fl-accordion--panel-2\">HNVO<\/a>\n\t\t\t\t\t\t\t\t\t\t\t<a href=\"#\" id=\"fl-accordion--icon-2\" tabindex=\"0\" aria-controls=\"fl-accordion--panel-2\"><i>Expand<\/i><\/a>\n\t\t\t\t\t<p><img loading=\"lazy\" decoding=\"async\" src=\"https:\/\/crzp.mzp.cz\/portal\/wp-content\/uploads\/Logo_HNVO-300x233.png\" alt=\"\" width=\"132\" height=\"102\" \/><\/p>\n<p><strong>Syst\u00e9m hodnocen\u00ed nebezpe\u010dn\u00fdch vlastnost\u00ed odpad\u016f<\/strong> slou\u017e\u00ed k\u00a0pod\u00e1v\u00e1n\u00ed \u017e\u00e1dost\u00ed o&nbsp;hodnocen\u00ed a&nbsp;vyd\u00e1v\u00e1n\u00ed Osv\u011bd\u010den\u00ed o&nbsp;vylou\u010den\u00ed nebezpe\u010dn\u00fdch vlastnost\u00ed odpadu nebo Sd\u011blen\u00ed o&nbsp;tom, \u017ee&nbsp;odpad m\u00e1 jednu nebo v\u00edce nebezpe\u010dn\u00fdch vlastnost\u00ed. Problematika hodnocen\u00ed nebezpe\u010dn\u00fdch vlastnost\u00ed odpad\u016f je vymezena v\u00a0z\u00e1kon\u011b \u010d.&nbsp;541\/2020 Sb., o&nbsp;odpadech.<\/p>\n<p><strong>CR\u017dP<\/strong> zaji\u0161\u0165uje syst\u00e9mu <strong>HNVO<\/strong> pot\u0159ebn\u00e1 data o&nbsp;subjektech, u\u017eivatel\u00edch a&nbsp;jejich rol\u00edch, kter\u00e9 je oprav\u0148uj\u00ed p\u0159istupovat do&nbsp;syst\u00e9mu <strong>HNVO<\/strong>. Syst\u00e9m <strong>CR\u017dP<\/strong> d\u00e1le umo\u017e\u0148uje vytvo\u0159it vazbu zmocn\u011bn\u00ed mezi subjekty, kter\u00e1 slou\u017e\u00ed pro\u00a0zastoupen\u00ed ve v\u00fdkonu agendy v&nbsp;syst\u00e9mu <strong>HNVO<\/strong>.<\/p>\n<p>Dal\u0161\u00ed informace o&nbsp;syst\u00e9mu <strong>HNVO<\/strong> a&nbsp;hodnocen\u00ed nebezpe\u010dn\u00fdch vlastnost\u00ed odpad\u016f jsou dostupn\u00e9 na <strong><a href=\"https:\/\/hnvo.cz\/\">webov\u00e9m port\u00e1lu<\/a> syst\u00e9mu<\/strong>.<\/p>\n\t\t\t\t\t<a href=\"#\" id=\"fl-accordion--label-3\" tabindex=\"0\" aria-controls=\"fl-accordion--panel-3\">ISOH2<\/a>\n\t\t\t\t\t\t\t\t\t\t\t<a href=\"#\" id=\"fl-accordion--icon-3\" tabindex=\"0\" aria-controls=\"fl-accordion--panel-3\"><i>Expand<\/i><\/a>\n\t\t\t\t\t<p>&nbsp;<\/p>\n<p><strong>Informa\u010dn\u00ed syst\u00e9m odpadov\u00e9ho hospod\u00e1\u0159stv\u00ed (ISOH)<\/strong> slou\u017e\u00ed pro rozhodovac\u00ed, kontroln\u00ed a&nbsp;statistick\u00e9 pot\u0159eby \u0159\u00edzen\u00ed odpadov\u00e9ho hospod\u00e1\u0159stv\u00ed \u010cR. <strong>ISOH<\/strong> zahrnuje n\u011bkolik samostatn\u00fdch modul\u016f, kter\u00e9 dohromady vytv\u00e1\u0159\u00ed ucelen\u00fd datab\u00e1zov\u00fd syst\u00e9m poskytuj\u00edc\u00ed informace o&nbsp;r\u016fzn\u00fdch oblastech odpadov\u00e9ho hospod\u00e1\u0159stv\u00ed.<\/p>\n<p>Jednou z&nbsp;funkc\u00ed <strong>ISOH<\/strong> je zpracov\u00e1n\u00ed dat z\u00edskan\u00fdch z\u00a0vybran\u00fdch ohla\u0161ovac\u00edch povinnost\u00ed. Tato data jsou v\u00a0detailn\u00ed podob\u011b dostupn\u00e1 org\u00e1n\u016fm st\u00e1tn\u00ed spr\u00e1vy a&nbsp;slou\u017e\u00ed jako podklad pro jejich \u010dinnost, v\u00a0agregovan\u00e9 pot\u00e9 ve\u0159ejnosti jako informa\u010dn\u00ed zdroj. Dal\u0161\u00ed samostatn\u00e9 moduly p\u0159edstavuj\u00ed Registr za\u0159\u00edzen\u00ed, obchodn\u00edk\u016f a&nbsp;spis\u016f, Seznam dopravc\u016f a&nbsp;dal\u0161\u00edch dot\u010den\u00fdch osob v\u00a0oblasti nakl\u00e1d\u00e1n\u00ed s\u00a0odpady.<\/p>\n<p>Syst\u00e9m <strong>ISOH<\/strong> a&nbsp;jeho jednotliv\u00e9 registry vych\u00e1z\u00ed p\u0159edev\u0161\u00edm ze z\u00e1kona \u010d.&nbsp;541\/2020 Sb., o&nbsp;odpadech, a&nbsp;z&nbsp;vyhl\u00e1\u0161ek v\u00a0oblasti odpadov\u00e9 legislativy.<\/p>\n<p><strong>CR\u017dP<\/strong> syst\u00e9mu <strong>ISOH<\/strong> zprost\u0159edkov\u00e1v\u00e1 informace o&nbsp;subjektech, u\u017eivatel\u00edch a&nbsp;jejich rol\u00edch.<\/p>\n<p>Dal\u0161\u00ed informace o&nbsp;syst\u00e9mu <strong>ISOH<\/strong> a&nbsp;datech z\u00a0odpadov\u00e9ho hospod\u00e1\u0159stv\u00ed jsou dostupn\u00e9 na <a href=\"https:\/\/isoh2.mzp.cz\/\"><strong>webov\u00e9m port\u00e1lu syst\u00e9mu<\/strong><\/a>.<\/p>\n\t\t\t\t\t<a href=\"#\" id=\"fl-accordion--label-4\" tabindex=\"0\" aria-controls=\"fl-accordion--panel-4\">IPO<\/a>\n\t\t\t\t\t\t\t\t\t\t\t<a href=\"#\" id=\"fl-accordion--icon-4\" tabindex=\"0\" aria-controls=\"fl-accordion--panel-4\"><i>Expand<\/i><\/a>\n\t\t\t\t\t<p><strong>Syst\u00e9m IPO<\/strong> je datab\u00e1z\u00ed revizn\u00edch technik\u016f spalovac\u00edch stacion\u00e1rn\u00edch zdroj\u016f. Jedn\u00e1 se&nbsp;o&nbsp;mapovou a&nbsp;vyhled\u00e1vac\u00ed aplikaci, kter\u00e1 umo\u017e\u0148uje u\u017eivatel\u016fm vyhledat konkr\u00e9tn\u00edho revizn\u00edho technika dle typu a&nbsp;zna\u010dky kotle, p\u0159\u00edp. umo\u017e\u0148uje komunikovat s\u00a0v\u00fdrobci kotl\u016f.<\/p>\n<p>Datab\u00e1ze odborn\u011b zp\u016fsobil\u00fdch osob (revizn\u00edch technik\u016f) je z\u0159\u00edzena na z\u00e1klad\u011b \u00a7 17a z\u00e1kona \u010d.&nbsp;201\/2012 Sb., o&nbsp;ochran\u011b ovzdu\u0161\u00ed.<\/p>\n<p><strong>CR\u017dP<\/strong> pro syst\u00e9m <strong>IPO<\/strong> zprost\u0159edkov\u00e1v\u00e1 informace o&nbsp;opr\u00e1vn\u011bn\u00edch OZO (opr\u00e1vn\u011bn\u00ed revizn\u00edch technik\u016f k\u00a0revizi kotl\u016f), \u00fadaje o&nbsp;zna\u010dk\u00e1ch a&nbsp;typech kotl\u016f v\u00fdrobc\u016f kotl\u016f a&nbsp;informace o&nbsp;subjektech v\u00fdrobc\u016f, revizn\u00edch technik\u016f; jejich u\u017eivatel\u00edch a&nbsp;rol\u00edch.<\/p>\n<p>Dal\u0161\u00ed informace o&nbsp;syst\u00e9mu <strong>IPO<\/strong> a&nbsp;datab\u00e1zi revizn\u00edch technik\u016f jsou dostupn\u00e9 na <a href=\"https:\/\/ipo.mzp.cz\/\"><strong>webov\u00e9m port\u00e1lu syst\u00e9mu<\/strong><\/a>.<\/p>\n\t\t\t\t\t<a href=\"#\" id=\"fl-accordion--label-5\" tabindex=\"0\" aria-controls=\"fl-accordion--panel-5\">IPPC<\/a>\n\t\t\t\t\t\t\t\t\t\t\t<a href=\"#\" id=\"fl-accordion--icon-5\" tabindex=\"0\" aria-controls=\"fl-accordion--panel-5\"><i>Expand<\/i><\/a>\n\t\t\t\t\t<p>Informa\u010dn\u00ed syst\u00e9m integrovan\u00e9 prevence (IS IPPC) slou\u017e\u00ed k&nbsp;zaji\u0161t\u011bn\u00ed ve\u0161ker\u00fdch povinnost\u00ed vztahuj\u00edc\u00edch se&nbsp;ke zve\u0159ej\u0148ov\u00e1n\u00ed informac\u00ed a&nbsp;p\u0159\u00edstupu ve\u0159ejnosti k&nbsp;informac\u00edm podle z\u00e1kona o&nbsp;integrovan\u00e9 prevenci (zejm\u00e9na stru\u010dn\u00e9 shrnut\u00ed \u017e\u00e1dosti, hodnocen\u00ed nejlep\u0161\u00edch dostupn\u00fdch technik a&nbsp;vlastn\u00ed rozhodnut\u00ed &#8211; integrovan\u00e9 povolen\u00ed). Syst\u00e9m je tak\u00e9 funk\u010dn\u00edm arch\u00edvem zve\u0159ej\u0148ovan\u00fdch dokument\u016f k&nbsp;povolovac\u00edm \u0159\u00edzen\u00edm i&nbsp;dal\u0161\u00edch informac\u00ed o&nbsp;integrovan\u00e9 prevenci.<\/p>\n<p><strong>CR\u017dP<\/strong> pro syst\u00e9m <strong>IPPC<\/strong>\u00a0slou\u017e\u00ed jako datab\u00e1ze u\u017eivatel\u016f a&nbsp;jejich rol\u00ed.<\/p>\n<p>Dal\u0161\u00ed informace o&nbsp;syst\u00e9mu IPPC jsou dostupn\u00e9 na jeho <a href=\"https:\/\/ippc.mzp.cz\/\">webov\u00fdch str\u00e1nk\u00e1ch<\/a>.<\/p>\n\t\t\t\t\t<a href=\"#\" id=\"fl-accordion--label-6\" tabindex=\"0\" aria-controls=\"fl-accordion--panel-6\">CITES<\/a>\n\t\t\t\t\t\t\t\t\t\t\t<a href=\"#\" id=\"fl-accordion--icon-6\" tabindex=\"0\" aria-controls=\"fl-accordion--panel-6\"><i>Expand<\/i><\/a>\n\t\t\t\t\t<p>Informa\u010dn\u00ed syst\u00e9m CITES\u00a0 umo\u017e\u0148uje v\u0161em kompetentn\u00edm org\u00e1n\u016fm st\u00e1tn\u00ed spr\u00e1vy komplexn\u00ed elektronick\u00e9 veden\u00ed agendy CITES nap\u0159.&nbsp;p\u0159i&nbsp;vyd\u00e1v\u00e1n\u00ed, spr\u00e1v\u011b a&nbsp;kontrole doklad\u016f CITES, spr\u00e1v\u011b centralizovan\u00e9 datab\u00e1ze zabaven\u00fdch ileg\u00e1ln\u011b dr\u017een\u00fdch exempl\u00e1\u0159\u016f ohro\u017een\u00fdch druh\u016f, evidenci p\u0159estupk\u016f p\u0159i&nbsp;obchodov\u00e1n\u00ed s&nbsp;ohro\u017een\u00fdmi druhy, \u0159\u00edzen\u00ed odborn\u00fdch stanovisek AOPK \u010cR, pln\u011bn\u00ed reportingov\u00fdch povinnost\u00ed automatickou tvorbou v\u00fdro\u010dn\u00edch zpr\u00e1v, metodick\u00e9 podpo\u0159e atd. Statistick\u00e9 informace k&nbsp;mezin\u00e1rodn\u00edmu obchodu\u00a0 a&nbsp;chovu ohro\u017een\u00fdch druh\u016f jsou k&nbsp;dispozici ve<strong>\u00a0<a href=\"https:\/\/cites.mzp.cz\/cites3\/cites3.nsf\/Page.xsp?pageName=opendata\">ve\u0159ejn\u00e9 analytick\u00e9 aplikaci<\/a><\/strong>.<\/p>\n<p><strong>CR\u017dP<\/strong>\u00a0pro syst\u00e9m\u00a0<strong>CITES<\/strong>\u00a0slou\u017e\u00ed jako datab\u00e1ze u\u017eivatel\u016f a\u00a0jejich rol\u00ed.<\/p>\n<p>Dal\u0161\u00ed informace o&nbsp;syst\u00e9mu CITES jsou dostupn\u00e9 na jeho<strong> <a href=\"https:\/\/cites.mzp.cz\/\">webov\u00fdch str\u00e1nk\u00e1ch<\/a><\/strong>.<\/p>\n\n","protected":false},"excerpt":{"rendered":"<p>Napojen\u00e9 syst\u00e9my Centr\u00e1ln\u00ed registr \u017eivotn\u00edho prost\u0159ed\u00ed (CR\u017dP) poskytuje \u0159ad\u011b agendov\u00fdch informa\u010dn\u00edch syst\u00e9m\u016f (AIS) slu\u017eby a&nbsp;data a&nbsp;pln\u00ed funkci datab\u00e1ze u\u017eivatel\u016f, subjekt\u016f, opr\u00e1vn\u011bn\u00ed, provozoven a&nbsp;dal\u0161\u00edch entit, se&nbsp;kter\u00fdmi navazuj\u00edc\u00ed syst\u00e9my pracuj\u00ed p\u0159i&nbsp;v\u00fdkonu sv\u00e9 agendy. ISPOP Expand Integrovan\u00fd syst\u00e9m pln\u011bn\u00ed ohla\u0161ovac\u00edch povinnost\u00ed (ISPOP) zaji\u0161\u0165uje p\u0159\u00edjem a&nbsp;zpracov\u00e1n\u00ed vybran\u00fdch hl\u00e1\u0161en\u00ed v&nbsp;elektronick\u00e9 podob\u011b, podan\u00fdch na z\u00e1klad\u011b jednotliv\u00fdch ohla\u0161ovac\u00edch povinnost\u00ed v&nbsp;oblasti \u017eivotn\u00edho prost\u0159ed\u00ed,&hellip;<\/p>\n","protected":false},"author":151,"featured_media":0,"parent":2323,"menu_order":0,"comment_status":"closed","ping_status":"closed","template":"","meta":{"inline_featured_image":false,"footnotes":""},"yoast_head":"<!-- This site is optimized with the Yoast SEO plugin v20.13 - https:\/\/yoast.com\/wordpress\/plugins\/seo\/ -->\n<title>Napojen\u00e9 syst\u00e9my - CR\u017dP<\/title>\n<meta name=\"robots\" content=\"index, follow, max-snippet:-1, max-image-preview:large, max-video-preview:-1\" \/>\n<link rel=\"canonical\" href=\"https:\/\/crzp.mzp.cz\/portal\/o-crzp\/napojene-systemy\/\" \/>\n<meta property=\"og:locale\" content=\"cs_CZ\" \/>\n<meta property=\"og:type\" content=\"article\" \/>\n<meta property=\"og:title\" content=\"Napojen\u00e9 syst\u00e9my - CR\u017dP\" \/>\n<meta property=\"og:description\" content=\"Napojen\u00e9 syst\u00e9my Centr\u00e1ln\u00ed registr \u017eivotn\u00edho prost\u0159ed\u00ed (CR\u017dP) poskytuje \u0159ad\u011b agendov\u00fdch informa\u010dn\u00edch syst\u00e9m\u016f (AIS) slu\u017eby a&nbsp;data a&nbsp;pln\u00ed funkci datab\u00e1ze u\u017eivatel\u016f, subjekt\u016f, opr\u00e1vn\u011bn\u00ed, provozoven a&nbsp;dal\u0161\u00edch entit, se&nbsp;kter\u00fdmi navazuj\u00edc\u00ed syst\u00e9my pracuj\u00ed p\u0159i&nbsp;v\u00fdkonu sv\u00e9 agendy. ISPOP Expand Integrovan\u00fd syst\u00e9m pln\u011bn\u00ed ohla\u0161ovac\u00edch povinnost\u00ed (ISPOP) zaji\u0161\u0165uje p\u0159\u00edjem a&nbsp;zpracov\u00e1n\u00ed vybran\u00fdch hl\u00e1\u0161en\u00ed v&nbsp;elektronick\u00e9 podob\u011b, podan\u00fdch na z\u00e1klad\u011b jednotliv\u00fdch ohla\u0161ovac\u00edch povinnost\u00ed v&nbsp;oblasti \u017eivotn\u00edho prost\u0159ed\u00ed,&hellip;\" \/>\n<meta property=\"og:url\" content=\"https:\/\/crzp.mzp.cz\/portal\/o-crzp\/napojene-systemy\/\" \/>\n<meta property=\"og:site_name\" content=\"CR\u017dP\" \/>\n<meta property=\"article:modified_time\" content=\"2024-05-20T14:06:15+00:00\" \/>\n<meta property=\"og:image\" content=\"https:\/\/crzp.mzp.cz\/portal\/wp-content\/uploads\/ispop-1.png\" \/>\n<meta name=\"twitter:card\" content=\"summary_large_image\" \/>\n<meta name=\"twitter:label1\" content=\"Est. reading time\" \/>\n\t<meta name=\"twitter:data1\" content=\"6 minut\" \/>\n<script type=\"application\/ld+json\" class=\"yoast-schema-graph\">{\"@context\":\"https:\/\/schema.org\",\"@graph\":[{\"@type\":\"WebPage\",\"@id\":\"https:\/\/crzp.mzp.cz\/portal\/o-crzp\/napojene-systemy\/\",\"url\":\"https:\/\/crzp.mzp.cz\/portal\/o-crzp\/napojene-systemy\/\",\"name\":\"Napojen\u00e9 syst\u00e9my - CR\u017dP\",\"isPartOf\":{\"@id\":\"https:\/\/crzp.mzp.cz\/portal\/#website\"},\"datePublished\":\"2021-12-16T23:02:45+00:00\",\"dateModified\":\"2024-05-20T14:06:15+00:00\",\"breadcrumb\":{\"@id\":\"https:\/\/crzp.mzp.cz\/portal\/o-crzp\/napojene-systemy\/#breadcrumb\"},\"inLanguage\":\"cs\",\"potentialAction\":[{\"@type\":\"ReadAction\",\"target\":[\"https:\/\/crzp.mzp.cz\/portal\/o-crzp\/napojene-systemy\/\"]}]},{\"@type\":\"BreadcrumbList\",\"@id\":\"https:\/\/crzp.mzp.cz\/portal\/o-crzp\/napojene-systemy\/#breadcrumb\",\"itemListElement\":[{\"@type\":\"ListItem\",\"position\":1,\"name\":\"Home\",\"item\":\"https:\/\/crzp.mzp.cz\/portal\/\"},{\"@type\":\"ListItem\",\"position\":2,\"name\":\"O CR\u017dP\",\"item\":\"https:\/\/crzp.mzp.cz\/portal\/o-crzp\/\"},{\"@type\":\"ListItem\",\"position\":3,\"name\":\"Napojen\u00e9 syst\u00e9my\"}]},{\"@type\":\"WebSite\",\"@id\":\"https:\/\/crzp.mzp.cz\/portal\/#website\",\"url\":\"https:\/\/crzp.mzp.cz\/portal\/\",\"name\":\"CR\u017dP\",\"description\":\"Centr\u00e1ln\u00ed registr \u017eivotn\u00edho prost\u0159ed\u00ed\",\"potentialAction\":[{\"@type\":\"SearchAction\",\"target\":{\"@type\":\"EntryPoint\",\"urlTemplate\":\"https:\/\/crzp.mzp.cz\/portal\/?s={search_term_string}\"},\"query-input\":\"required name=search_term_string\"}],\"inLanguage\":\"cs\"}]}<\/script>\n<!-- \/ Yoast SEO plugin. -->","yoast_head_json":{"title":"Napojen\u00e9 syst\u00e9my - CR\u017dP","robots":{"index":"index","follow":"follow","max-snippet":"max-snippet:-1","max-image-preview":"max-image-preview:large","max-video-preview":"max-video-preview:-1"},"canonical":"https:\/\/crzp.mzp.cz\/portal\/o-crzp\/napojene-systemy\/","og_locale":"cs_CZ","og_type":"article","og_title":"Napojen\u00e9 syst\u00e9my - CR\u017dP","og_description":"Napojen\u00e9 syst\u00e9my Centr\u00e1ln\u00ed registr \u017eivotn\u00edho prost\u0159ed\u00ed (CR\u017dP) poskytuje \u0159ad\u011b agendov\u00fdch informa\u010dn\u00edch syst\u00e9m\u016f (AIS) slu\u017eby a&nbsp;data a&nbsp;pln\u00ed funkci datab\u00e1ze u\u017eivatel\u016f, subjekt\u016f, opr\u00e1vn\u011bn\u00ed, provozoven a&nbsp;dal\u0161\u00edch entit, se&nbsp;kter\u00fdmi navazuj\u00edc\u00ed syst\u00e9my pracuj\u00ed p\u0159i&nbsp;v\u00fdkonu sv\u00e9 agendy. ISPOP Expand Integrovan\u00fd syst\u00e9m pln\u011bn\u00ed ohla\u0161ovac\u00edch povinnost\u00ed (ISPOP) zaji\u0161\u0165uje p\u0159\u00edjem a&nbsp;zpracov\u00e1n\u00ed vybran\u00fdch hl\u00e1\u0161en\u00ed v&nbsp;elektronick\u00e9 podob\u011b, podan\u00fdch na z\u00e1klad\u011b jednotliv\u00fdch ohla\u0161ovac\u00edch povinnost\u00ed v&nbsp;oblasti \u017eivotn\u00edho prost\u0159ed\u00ed,&hellip;","og_url":"https:\/\/crzp.mzp.cz\/portal\/o-crzp\/napojene-systemy\/","og_site_name":"CR\u017dP","article_modified_time":"2024-05-20T14:06:15+00:00","og_image":[{"url":"https:\/\/crzp.mzp.cz\/portal\/wp-content\/uploads\/ispop-1.png"}],"twitter_card":"summary_large_image","twitter_misc":{"Est. reading time":"6 minut"},"schema":{"@context":"https:\/\/schema.org","@graph":[{"@type":"WebPage","@id":"https:\/\/crzp.mzp.cz\/portal\/o-crzp\/napojene-systemy\/","url":"https:\/\/crzp.mzp.cz\/portal\/o-crzp\/napojene-systemy\/","name":"Napojen\u00e9 syst\u00e9my - CR\u017dP","isPartOf":{"@id":"https:\/\/crzp.mzp.cz\/portal\/#website"},"datePublished":"2021-12-16T23:02:45+00:00","dateModified":"2024-05-20T14:06:15+00:00","breadcrumb":{"@id":"https:\/\/crzp.mzp.cz\/portal\/o-crzp\/napojene-systemy\/#breadcrumb"},"inLanguage":"cs","potentialAction":[{"@type":"ReadAction","target":["https:\/\/crzp.mzp.cz\/portal\/o-crzp\/napojene-systemy\/"]}]},{"@type":"BreadcrumbList","@id":"https:\/\/crzp.mzp.cz\/portal\/o-crzp\/napojene-systemy\/#breadcrumb","itemListElement":[{"@type":"ListItem","position":1,"name":"Home","item":"https:\/\/crzp.mzp.cz\/portal\/"},{"@type":"ListItem","position":2,"name":"O CR\u017dP","item":"https:\/\/crzp.mzp.cz\/portal\/o-crzp\/"},{"@type":"ListItem","position":3,"name":"Napojen\u00e9 syst\u00e9my"}]},{"@type":"WebSite","@id":"https:\/\/crzp.mzp.cz\/portal\/#website","url":"https:\/\/crzp.mzp.cz\/portal\/","name":"CR\u017dP","description":"Centr\u00e1ln\u00ed registr \u017eivotn\u00edho prost\u0159ed\u00ed","potentialAction":[{"@type":"SearchAction","target":{"@type":"EntryPoint","urlTemplate":"https:\/\/crzp.mzp.cz\/portal\/?s={search_term_string}"},"query-input":"required name=search_term_string"}],"inLanguage":"cs"}]}},"_links":{"self":[{"href":"https:\/\/crzp.mzp.cz\/portal\/wp-json\/wp\/v2\/pages\/2279"}],"collection":[{"href":"https:\/\/crzp.mzp.cz\/portal\/wp-json\/wp\/v2\/pages"}],"about":[{"href":"https:\/\/crzp.mzp.cz\/portal\/wp-json\/wp\/v2\/types\/page"}],"author":[{"embeddable":true,"href":"https:\/\/crzp.mzp.cz\/portal\/wp-json\/wp\/v2\/users\/151"}],"replies":[{"embeddable":true,"href":"https:\/\/crzp.mzp.cz\/portal\/wp-json\/wp\/v2\/comments?post=2279"}],"version-history":[{"count":18,"href":"https:\/\/crzp.mzp.cz\/portal\/wp-json\/wp\/v2\/pages\/2279\/revisions"}],"predecessor-version":[{"id":3005,"href":"https:\/\/crzp.mzp.cz\/portal\/wp-json\/wp\/v2\/pages\/2279\/revisions\/3005"}],"up":[{"embeddable":true,"href":"https:\/\/crzp.mzp.cz\/portal\/wp-json\/wp\/v2\/pages\/2323"}],"wp:attachment":[{"href":"https:\/\/crzp.mzp.cz\/portal\/wp-json\/wp\/v2\/media?parent=2279"}],"curies":[{"name":"wp","href":"https:\/\/api.w.org\/{rel}","templated":true}]}}