{"id":1396,"date":"2021-10-16T15:03:23","date_gmt":"2021-10-16T15:03:23","guid":{"rendered":"https:\/\/crzp.mzp.cz\/portal\/?page_id=1396"},"modified":"2024-02-26T14:54:40","modified_gmt":"2024-02-26T14:54:40","slug":"provozni-dokumentace","status":"publish","type":"page","link":"https:\/\/crzp.mzp.cz\/portal\/o-crzp\/provozni-dokumentace\/","title":{"rendered":"Provozn\u00ed dokumentace"},"content":{"rendered":"\n<h1>\n\t\tProvozn\u00ed dokumentace\n\t<\/h1>\n\t<p><strong>Provozn\u00ed \u0159\u00e1d CR\u017dP<\/strong><\/p>\n<p>Tento dokument, ur\u010den\u00fd pro v\u0161echny u\u017eivatele informa\u010dn\u00edho syst\u00e9mu CR\u017dP, popisuje soubor podm\u00ednek, pravidel a&nbsp;postup\u016f, kter\u00e9 jsou z\u00e1vazn\u00e9 pro vyu\u017e\u00edv\u00e1n\u00ed informa\u010dn\u00edho syst\u00e9mu CR\u017dP a&nbsp;elektronick\u00fdch slu\u017eeb, kter\u00e9 poskytuje.<\/p>\n<p>Provozn\u00ed \u0159\u00e1d CR\u017dP vyd\u00e1v\u00e1 Ministerstvo \u017eivotn\u00edho prost\u0159ed\u00ed v&nbsp;souladu se&nbsp;z\u00e1konem \u010d.&nbsp;365\/2000 Sb., o&nbsp;informa\u010dn\u00edch syst\u00e9mech ve\u0159ejn\u00e9 spr\u00e1vy a&nbsp;o&nbsp;zm\u011bn\u011b n\u011bkter\u00fdch dal\u0161\u00edch z\u00e1kon\u016f.<\/p>\n<p>Aktu\u00e1ln\u00ed verze provozn\u00edho \u0159\u00e1du je dostupn\u00e1 ke sta\u017een\u00ed <a href=\"https:\/\/crzp.mzp.cz\/portal\/wp-content\/uploads\/CRZP_Provozni_rad.pdf\"><strong>zde<\/strong><\/a>.<\/p>\n<p><strong>Bezpe\u010dnostn\u00ed dokumentace <\/strong><\/p>\n<p>Syst\u00e9m CR\u017dP v&nbsp;souladu s&nbsp;po\u017eadavky z\u00e1kona \u010d.&nbsp;365\/2000 Sb., o&nbsp;informa\u010dn\u00edch syst\u00e9mech ve\u0159ejn\u00e9 spr\u00e1vy, disponuje n\u00e1sleduj\u00edc\u00ed bezpe\u010dnostn\u00ed dokumentac\u00ed:<\/p>\n<ul>\n<li>Bezpe\u010dnostn\u00ed politiku webov\u00fdch slu\u017eeb (spole\u010dn\u011b s&nbsp;dokumentac\u00ed webov\u00fdch slu\u017eeb je k&nbsp;dispozici u&nbsp;provozovatele syst\u00e9mu);<\/li>\n<li>P\u0159\u00edru\u010dka bezpe\u010dnostn\u00edho spr\u00e1vce (dokumentace se&nbsp;nach\u00e1z\u00ed u&nbsp;provozovatele syst\u00e9mu);<\/li>\n<li>Bezpe\u010dnostn\u00ed politika informa\u010dn\u00edho syst\u00e9mu ve\u0159ejn\u00e9 spr\u00e1vy v\u010detn\u011b anal\u00fdzy rizik (dokumentace se&nbsp;nach\u00e1z\u00ed u&nbsp;provozovatele syst\u00e9mu).<\/li>\n<\/ul>\n<p><strong>Dokumentace zpracov\u00e1n\u00ed osobn\u00edch \u00fadaj\u016f<\/strong><\/p>\n<p>\u010cesk\u00e1 informa\u010dn\u00ed agentura \u017eivotn\u00edho prost\u0159ed\u00ed zpracov\u00e1v\u00e1 v&nbsp;souvislosti s&nbsp;provozem syst\u00e9mu CR\u017dP a&nbsp;na n\u011bj napojen\u00fdch syst\u00e9m\u016f SEPNO, HNVO, syst\u00e9mu EnviHELP a&nbsp;syst\u00e9mu ISPOP osobn\u00ed \u00fadaje, podle \u00fa\u010del\u016f zpracov\u00e1n\u00ed, dle Na\u0159\u00edzen\u00ed EU 2016\/679 (Obecn\u00e9 na\u0159\u00edzen\u00ed o&nbsp;ochran\u011b osobn\u00edch \u00fadaj\u016f &#8211; GDPR). Dal\u0161\u00ed informace naleznete v&nbsp;dokumentu &#8222;<a href=\"https:\/\/crzp.mzp.cz\/portal\/wp-content\/uploads\/CRZP_Text_GDPR.pdf\"><strong>Zpracov\u00e1n\u00ed osobn\u00edch \u00fadaj\u016f v&nbsp;syst\u00e9mech ISPOP, SEPNO, HNVO, CR\u017dP a&nbsp;EnviHELP<\/strong><\/a>&#8222;<\/p>\n<p><strong>Prohl\u00e1\u0161en\u00ed o&nbsp;u\u017eit\u00ed soubor\u016f Cookies<\/strong><\/p>\n<p>V souladu s&nbsp;ustanoven\u00edm \u00a7 89 odst. 3 z\u00e1k. \u010d.&nbsp;127\/2005 Sb., o&nbsp;elektronick\u00fdch komunikac\u00edch, v&nbsp;\u00fa\u010dinn\u00e9m zn\u011bn\u00ed, si V\u00e1s t\u00edmto dovolujeme informovat, \u017ee&nbsp;na\u0161e webov\u00e9 str\u00e1nky vyu\u017e\u00edvaj\u00ed pro svoji \u010dinnost soubory cookies.<\/p>\n<p>P\u0159i prohl\u00ed\u017een\u00ed na\u0161ich webov\u00fdch str\u00e1nek pro zlep\u0161en\u00ed u\u017eivatelsk\u00e9ho komfortu pou\u017e\u00edv\u00e1me na\u0161e vlastn\u00ed cookies a&nbsp;n\u011bkter\u00e9 cookies t\u0159et\u00edch stran, konkr\u00e9tn\u011b Google Analytics pro anal\u00fdzu n\u00e1v\u0161t\u011bvnosti<strong>.<\/strong><\/p>\n\t<h2>Technick\u00e1 podpora<\/h2>\n<p>Technick\u00e1 podpora je dostupn\u00e1 v\u00a0p\u00edsemn\u00e9 podob\u011b prost\u0159ednictv\u00edm syst\u00e9mu EnviHELP\u00a0<strong>(<a href=\"https:\/\/helpdesk.cenia.cz\/hdPublic\/helpdesk\/\" target=\"_blank\" rel=\"noopener\">helpdesk.cenia.cz<\/a>).<\/strong><\/p>\n<p>Telefonick\u00e1 podpora je zaji\u0161\u0165ov\u00e1na <strong>ka\u017ed\u00fd pracovn\u00ed den od 9:00 do\u00a015:00 hodin<\/strong> na telefonn\u00edm \u010d\u00edsle <strong>490&nbsp;522&nbsp;550<\/strong>.<\/p>\n<p>Mimo provozn\u00ed dobu telefonick\u00e9 podpory pros\u00edm vyu\u017e\u00edvejte p\u00edsemn\u00fd helpdesk.<\/p>\n<p>&nbsp;<\/p>\n\t\t\t<a href=\"https:\/\/podpora.cenia.cz\/?ref=crzp\" target=\"_blank\" rel=\"noopener\">\n\t\t\t\t\t\t\tZaslat dotaz\n\t\t\t\t\t<\/a>\n\t<h2>Pl\u00e1novan\u00e9 odst\u00e1vky<\/h2>\n<table>\n<tbody>\n<tr>\n<td><strong>ka\u017edou st\u0159edu<br \/>\n<\/strong><\/td>\n<td>20:00 &#8211; 23:59<\/td>\n<\/tr>\n<\/tbody>\n<\/table>\n<p>&nbsp;<\/p>\n<p>V\u00fdpadek 10 &#8211; 20 minut v&nbsp;dan\u00e9m rozmez\u00ed<\/p>\n\n","protected":false},"excerpt":{"rendered":"<p>Provozn\u00ed dokumentace Provozn\u00ed \u0159\u00e1d CR\u017dP Tento dokument, ur\u010den\u00fd pro v\u0161echny u\u017eivatele informa\u010dn\u00edho syst\u00e9mu CR\u017dP, popisuje soubor podm\u00ednek, pravidel a&nbsp;postup\u016f, kter\u00e9 jsou z\u00e1vazn\u00e9 pro vyu\u017e\u00edv\u00e1n\u00ed informa\u010dn\u00edho syst\u00e9mu CR\u017dP a&nbsp;elektronick\u00fdch slu\u017eeb, kter\u00e9 poskytuje. Provozn\u00ed \u0159\u00e1d CR\u017dP vyd\u00e1v\u00e1 Ministerstvo \u017eivotn\u00edho prost\u0159ed\u00ed v&nbsp;souladu se&nbsp;z\u00e1konem \u010d.&nbsp;365\/2000 Sb., o&nbsp;informa\u010dn\u00edch syst\u00e9mech ve\u0159ejn\u00e9 spr\u00e1vy a&nbsp;o&nbsp;zm\u011bn\u011b n\u011bkter\u00fdch dal\u0161\u00edch z\u00e1kon\u016f. Aktu\u00e1ln\u00ed verze provozn\u00edho \u0159\u00e1du je&hellip;<\/p>\n","protected":false},"author":151,"featured_media":0,"parent":2323,"menu_order":0,"comment_status":"closed","ping_status":"closed","template":"","meta":{"inline_featured_image":false,"footnotes":""},"yoast_head":"<!-- This site is optimized with the Yoast SEO plugin v20.13 - https:\/\/yoast.com\/wordpress\/plugins\/seo\/ -->\n<title>Provozn\u00ed dokumentace - CR\u017dP<\/title>\n<meta name=\"robots\" content=\"index, follow, max-snippet:-1, max-image-preview:large, max-video-preview:-1\" \/>\n<link rel=\"canonical\" href=\"https:\/\/crzp.mzp.cz\/portal\/o-crzp\/provozni-dokumentace\/\" \/>\n<meta property=\"og:locale\" content=\"cs_CZ\" \/>\n<meta property=\"og:type\" content=\"article\" \/>\n<meta property=\"og:title\" content=\"Provozn\u00ed dokumentace - CR\u017dP\" \/>\n<meta property=\"og:description\" content=\"Provozn\u00ed dokumentace Provozn\u00ed \u0159\u00e1d CR\u017dP Tento dokument, ur\u010den\u00fd pro v\u0161echny u\u017eivatele informa\u010dn\u00edho syst\u00e9mu CR\u017dP, popisuje soubor podm\u00ednek, pravidel a&nbsp;postup\u016f, kter\u00e9 jsou z\u00e1vazn\u00e9 pro vyu\u017e\u00edv\u00e1n\u00ed informa\u010dn\u00edho syst\u00e9mu CR\u017dP a&nbsp;elektronick\u00fdch slu\u017eeb, kter\u00e9 poskytuje. Provozn\u00ed \u0159\u00e1d CR\u017dP vyd\u00e1v\u00e1 Ministerstvo \u017eivotn\u00edho prost\u0159ed\u00ed v&nbsp;souladu se&nbsp;z\u00e1konem \u010d.&nbsp;365\/2000 Sb., o&nbsp;informa\u010dn\u00edch syst\u00e9mech ve\u0159ejn\u00e9 spr\u00e1vy a&nbsp;o&nbsp;zm\u011bn\u011b n\u011bkter\u00fdch dal\u0161\u00edch z\u00e1kon\u016f. Aktu\u00e1ln\u00ed verze provozn\u00edho \u0159\u00e1du je&hellip;\" \/>\n<meta property=\"og:url\" content=\"https:\/\/crzp.mzp.cz\/portal\/o-crzp\/provozni-dokumentace\/\" \/>\n<meta property=\"og:site_name\" content=\"CR\u017dP\" \/>\n<meta property=\"article:modified_time\" content=\"2024-02-26T14:54:40+00:00\" \/>\n<meta name=\"twitter:card\" content=\"summary_large_image\" \/>\n<meta name=\"twitter:label1\" content=\"Est. reading time\" \/>\n\t<meta name=\"twitter:data1\" content=\"2 minuty\" \/>\n<script type=\"application\/ld+json\" class=\"yoast-schema-graph\">{\"@context\":\"https:\/\/schema.org\",\"@graph\":[{\"@type\":\"WebPage\",\"@id\":\"https:\/\/crzp.mzp.cz\/portal\/o-crzp\/provozni-dokumentace\/\",\"url\":\"https:\/\/crzp.mzp.cz\/portal\/o-crzp\/provozni-dokumentace\/\",\"name\":\"Provozn\u00ed dokumentace - CR\u017dP\",\"isPartOf\":{\"@id\":\"https:\/\/crzp.mzp.cz\/portal\/#website\"},\"datePublished\":\"2021-10-16T15:03:23+00:00\",\"dateModified\":\"2024-02-26T14:54:40+00:00\",\"breadcrumb\":{\"@id\":\"https:\/\/crzp.mzp.cz\/portal\/o-crzp\/provozni-dokumentace\/#breadcrumb\"},\"inLanguage\":\"cs\",\"potentialAction\":[{\"@type\":\"ReadAction\",\"target\":[\"https:\/\/crzp.mzp.cz\/portal\/o-crzp\/provozni-dokumentace\/\"]}]},{\"@type\":\"BreadcrumbList\",\"@id\":\"https:\/\/crzp.mzp.cz\/portal\/o-crzp\/provozni-dokumentace\/#breadcrumb\",\"itemListElement\":[{\"@type\":\"ListItem\",\"position\":1,\"name\":\"Home\",\"item\":\"https:\/\/crzp.mzp.cz\/portal\/\"},{\"@type\":\"ListItem\",\"position\":2,\"name\":\"O CR\u017dP\",\"item\":\"https:\/\/crzp.mzp.cz\/portal\/o-crzp\/\"},{\"@type\":\"ListItem\",\"position\":3,\"name\":\"Provozn\u00ed dokumentace\"}]},{\"@type\":\"WebSite\",\"@id\":\"https:\/\/crzp.mzp.cz\/portal\/#website\",\"url\":\"https:\/\/crzp.mzp.cz\/portal\/\",\"name\":\"CR\u017dP\",\"description\":\"Centr\u00e1ln\u00ed registr \u017eivotn\u00edho prost\u0159ed\u00ed\",\"potentialAction\":[{\"@type\":\"SearchAction\",\"target\":{\"@type\":\"EntryPoint\",\"urlTemplate\":\"https:\/\/crzp.mzp.cz\/portal\/?s={search_term_string}\"},\"query-input\":\"required name=search_term_string\"}],\"inLanguage\":\"cs\"}]}<\/script>\n<!-- \/ Yoast SEO plugin. -->","yoast_head_json":{"title":"Provozn\u00ed dokumentace - CR\u017dP","robots":{"index":"index","follow":"follow","max-snippet":"max-snippet:-1","max-image-preview":"max-image-preview:large","max-video-preview":"max-video-preview:-1"},"canonical":"https:\/\/crzp.mzp.cz\/portal\/o-crzp\/provozni-dokumentace\/","og_locale":"cs_CZ","og_type":"article","og_title":"Provozn\u00ed dokumentace - CR\u017dP","og_description":"Provozn\u00ed dokumentace Provozn\u00ed \u0159\u00e1d CR\u017dP Tento dokument, ur\u010den\u00fd pro v\u0161echny u\u017eivatele informa\u010dn\u00edho syst\u00e9mu CR\u017dP, popisuje soubor podm\u00ednek, pravidel a&nbsp;postup\u016f, kter\u00e9 jsou z\u00e1vazn\u00e9 pro vyu\u017e\u00edv\u00e1n\u00ed informa\u010dn\u00edho syst\u00e9mu CR\u017dP a&nbsp;elektronick\u00fdch slu\u017eeb, kter\u00e9 poskytuje. Provozn\u00ed \u0159\u00e1d CR\u017dP vyd\u00e1v\u00e1 Ministerstvo \u017eivotn\u00edho prost\u0159ed\u00ed v&nbsp;souladu se&nbsp;z\u00e1konem \u010d.&nbsp;365\/2000 Sb., o&nbsp;informa\u010dn\u00edch syst\u00e9mech ve\u0159ejn\u00e9 spr\u00e1vy a&nbsp;o&nbsp;zm\u011bn\u011b n\u011bkter\u00fdch dal\u0161\u00edch z\u00e1kon\u016f. Aktu\u00e1ln\u00ed verze provozn\u00edho \u0159\u00e1du je&hellip;","og_url":"https:\/\/crzp.mzp.cz\/portal\/o-crzp\/provozni-dokumentace\/","og_site_name":"CR\u017dP","article_modified_time":"2024-02-26T14:54:40+00:00","twitter_card":"summary_large_image","twitter_misc":{"Est. reading time":"2 minuty"},"schema":{"@context":"https:\/\/schema.org","@graph":[{"@type":"WebPage","@id":"https:\/\/crzp.mzp.cz\/portal\/o-crzp\/provozni-dokumentace\/","url":"https:\/\/crzp.mzp.cz\/portal\/o-crzp\/provozni-dokumentace\/","name":"Provozn\u00ed dokumentace - CR\u017dP","isPartOf":{"@id":"https:\/\/crzp.mzp.cz\/portal\/#website"},"datePublished":"2021-10-16T15:03:23+00:00","dateModified":"2024-02-26T14:54:40+00:00","breadcrumb":{"@id":"https:\/\/crzp.mzp.cz\/portal\/o-crzp\/provozni-dokumentace\/#breadcrumb"},"inLanguage":"cs","potentialAction":[{"@type":"ReadAction","target":["https:\/\/crzp.mzp.cz\/portal\/o-crzp\/provozni-dokumentace\/"]}]},{"@type":"BreadcrumbList","@id":"https:\/\/crzp.mzp.cz\/portal\/o-crzp\/provozni-dokumentace\/#breadcrumb","itemListElement":[{"@type":"ListItem","position":1,"name":"Home","item":"https:\/\/crzp.mzp.cz\/portal\/"},{"@type":"ListItem","position":2,"name":"O CR\u017dP","item":"https:\/\/crzp.mzp.cz\/portal\/o-crzp\/"},{"@type":"ListItem","position":3,"name":"Provozn\u00ed dokumentace"}]},{"@type":"WebSite","@id":"https:\/\/crzp.mzp.cz\/portal\/#website","url":"https:\/\/crzp.mzp.cz\/portal\/","name":"CR\u017dP","description":"Centr\u00e1ln\u00ed registr \u017eivotn\u00edho prost\u0159ed\u00ed","potentialAction":[{"@type":"SearchAction","target":{"@type":"EntryPoint","urlTemplate":"https:\/\/crzp.mzp.cz\/portal\/?s={search_term_string}"},"query-input":"required name=search_term_string"}],"inLanguage":"cs"}]}},"_links":{"self":[{"href":"https:\/\/crzp.mzp.cz\/portal\/wp-json\/wp\/v2\/pages\/1396"}],"collection":[{"href":"https:\/\/crzp.mzp.cz\/portal\/wp-json\/wp\/v2\/pages"}],"about":[{"href":"https:\/\/crzp.mzp.cz\/portal\/wp-json\/wp\/v2\/types\/page"}],"author":[{"embeddable":true,"href":"https:\/\/crzp.mzp.cz\/portal\/wp-json\/wp\/v2\/users\/151"}],"replies":[{"embeddable":true,"href":"https:\/\/crzp.mzp.cz\/portal\/wp-json\/wp\/v2\/comments?post=1396"}],"version-history":[{"count":13,"href":"https:\/\/crzp.mzp.cz\/portal\/wp-json\/wp\/v2\/pages\/1396\/revisions"}],"predecessor-version":[{"id":2987,"href":"https:\/\/crzp.mzp.cz\/portal\/wp-json\/wp\/v2\/pages\/1396\/revisions\/2987"}],"up":[{"embeddable":true,"href":"https:\/\/crzp.mzp.cz\/portal\/wp-json\/wp\/v2\/pages\/2323"}],"wp:attachment":[{"href":"https:\/\/crzp.mzp.cz\/portal\/wp-json\/wp\/v2\/media?parent=1396"}],"curies":[{"name":"wp","href":"https:\/\/api.w.org\/{rel}","templated":true}]}}