{"id":1383,"date":"2021-10-16T14:45:07","date_gmt":"2021-10-16T14:45:07","guid":{"rendered":"https:\/\/crzp.mzp.cz\/portal\/?page_id=1383"},"modified":"2021-12-17T03:15:02","modified_gmt":"2021-12-17T03:15:02","slug":"zakladni-informace","status":"publish","type":"page","link":"https:\/\/crzp.mzp.cz\/portal\/o-crzp\/zakladni-informace\/","title":{"rendered":"Z\u00e1kladn\u00ed informace"},"content":{"rendered":"\n<h1>\n\t\tO CR\u017dP\n\t<\/h1>\n\t<p><strong>Centr\u00e1ln\u00ed registr \u017eivotn\u00edho prost\u0159ed\u00ed (CR\u017dP)<\/strong> je v\u00fdznamn\u00fd informa\u010dn\u00ed syst\u00e9m ve\u0159ejn\u00e9 spr\u00e1vy, kter\u00fd poskytuje slu\u017eby a&nbsp;data ostatn\u00edm agendov\u00fdm informa\u010dn\u00edm syst\u00e9m\u016fm (d\u00e1le tak\u00e9 AIS) v&nbsp;resortu ministerstva \u017eivotn\u00edho prost\u0159ed\u00ed.<\/p>\n<p>Pro dal\u0161\u00ed syst\u00e9my poskytuje slu\u017eby registrace a&nbsp;spr\u00e1vy subjekt\u016f, u\u017eivatel\u016f a&nbsp;zmocn\u011bn\u00ed, p\u0159\u00edpadn\u011b dal\u0161\u00edch nav\u00e1zan\u00fdch \u00fadaj\u016f (provozovny, m\u00edsta u\u017e\u00edv\u00e1n\u00ed vody) nebo registr\u016f (Registr OZO). <strong>CR\u017dP<\/strong> tak poskytuje jednotnou datovou z\u00e1kladnu dal\u0161\u00edm syst\u00e9m\u016fm, v&nbsp;kter\u00fdch prob\u00edh\u00e1 samotn\u00fd v\u00fdkon agend dle z\u00e1kona.<\/p>\n<p>Kl\u00ed\u010dov\u00fdmi u\u017eivateli syst\u00e9mu jsou ostatn\u00ed AISy resortu \u017eivotn\u00edho prost\u0159ed\u00ed, ohla\u0161ovatel\u00e9 (ekonomick\u00e9 subjekty s&nbsp;ohla\u0161ovac\u00ed povinnost\u00ed), st\u00e1tn\u00ed spr\u00e1va a&nbsp;samospr\u00e1va, pop\u0159.&nbsp;dal\u0161\u00ed st\u00e1tn\u00ed instituce pov\u011b\u0159en\u00e9 zpracov\u00e1n\u00edm a&nbsp;hodnocen\u00edm ohl\u00e1\u0161en\u00fdch informac\u00ed.<\/p>\n<p>Z\u0159izovatelem <strong>CR\u017dP<\/strong> a&nbsp;Spr\u00e1vcem <strong>CR\u017dP<\/strong> dle z\u00e1kona \u010d.&nbsp;365\/2000 Sb., je <strong>Ministerstvo \u017eivotn\u00edho prost\u0159ed\u00ed<\/strong>.<\/p>\n<p>Provozovatelem <strong>CR\u017dP<\/strong> dle z\u00e1kona \u010d.&nbsp;365\/2000 Sb., je <strong>\u010cesk\u00e1 informa\u010dn\u00ed agentura \u017eivotn\u00edho prost\u0159ed\u00ed<\/strong>.<\/p>\n<p>Pr\u00e1vn\u00ed r\u00e1mec fungov\u00e1n\u00ed syst\u00e9mu <strong>CR\u017dP<\/strong> vych\u00e1z\u00ed z&nbsp;t\u011bchto legislativn\u00edch p\u0159edpis\u016f:<\/p>\n<ul>\n<li>Z\u00e1kon \u010d.&nbsp;25\/2008 Sb., o&nbsp;integrovan\u00e9m registru zne\u010di\u0161\u0165ov\u00e1n\u00ed \u017eivotn\u00edho prost\u0159ed\u00ed a&nbsp;integrovan\u00e9m syst\u00e9mu pln\u011bn\u00ed ohla\u0161ovac\u00edch povinnost\u00ed v&nbsp;oblasti \u017eivotn\u00edho prost\u0159ed\u00ed<\/li>\n<li>Z\u00e1kon \u010d.&nbsp;500\/2004 Sb., spr\u00e1vn\u00ed \u0159\u00e1d<\/li>\n<li>Z\u00e1kon \u010d.&nbsp;280\/2009 Sb., da\u0148ov\u00fd \u0159\u00e1d<\/li>\n<li>Z\u00e1kon \u010d.&nbsp;365\/2000 Sb., o&nbsp;informa\u010dn\u00edch syst\u00e9mech ve\u0159ejn\u00e9 spr\u00e1vy<\/li>\n<li>Z\u00e1kon \u010d.&nbsp;111\/2009 Sb., o&nbsp;z\u00e1kladn\u00edch registrech<\/li>\n<li>Z\u00e1kon \u010d.&nbsp;181\/2014 Sb., o&nbsp;kybernetick\u00e9 bezpe\u010dnosti<\/li>\n<li>Vyhl\u00e1\u0161ka \u010d.&nbsp;82\/2018 Sb., vyhl\u00e1\u0161ka o&nbsp;kybernetick\u00e9 bezpe\u010dnosti<\/li>\n<li>Vyhl\u00e1\u0161ka \u010d.&nbsp;317\/2014 Sb., o&nbsp;v\u00fdznamn\u00fdch informa\u010dn\u00edch syst\u00e9mech a&nbsp;jejich ur\u010duj\u00edc\u00edch krit\u00e9ri\u00edch<\/li>\n<li>Z\u00e1kon \u010d.&nbsp;499\/2004 Sb., o&nbsp;archivnictv\u00ed a&nbsp;spisov\u00e9 slu\u017eb\u011b<\/li>\n<li>Vyhl\u00e1\u0161ka \u010d.&nbsp;259\/2012 Sb., o&nbsp;podrobnostech v\u00fdkonu spisov\u00e9 slu\u017eby<\/li>\n<li>Z\u00e1kon \u010d.&nbsp;300\/2008 Sb., o&nbsp;elektronick\u00fdch \u00fakonech a&nbsp;autorizovan\u00e9 konverzi dokument\u016f<\/li>\n<li>Vyhl\u00e1\u0161ka \u010d.&nbsp;194\/2009 Sb., o&nbsp;stanoven\u00ed podrobnost\u00ed u\u017e\u00edv\u00e1n\u00ed a&nbsp;provozov\u00e1n\u00ed informa\u010dn\u00edho syst\u00e9mu datov\u00fdch schr\u00e1nek<\/li>\n<li>Na\u0159\u00edzen\u00ed Evropsk\u00e9ho Parlamentu a&nbsp;Rady (EU) \u010d.&nbsp;910\/2014, o&nbsp;elektronick\u00e9 identifikaci a&nbsp;slu\u017eb\u00e1ch vytv\u00e1\u0159ej\u00edc\u00edch d\u016fv\u011bru pro elektronick\u00e9 transakce na vnit\u0159n\u00edm trhu (na\u0159\u00edzen\u00ed eIDAS)<\/li>\n<li>Z\u00e1kon \u010d.&nbsp;297\/2016 Sb., o&nbsp;slu\u017eb\u00e1ch vytv\u00e1\u0159ej\u00edc\u00edch d\u016fv\u011bru pro elektronick\u00e9 transakce<\/li>\n<li>Z\u00e1kon \u010d.&nbsp;250\/2017 Sb., o&nbsp;elektronick\u00e9 identifikaci<\/li>\n<li>Z\u00e1kon \u010d.&nbsp;99\/2019 Sb., o&nbsp;p\u0159\u00edstupnosti internetov\u00fdch str\u00e1nek a&nbsp;mobiln\u00edch aplikac\u00ed<\/li>\n<li>Na\u0159\u00edzen\u00ed Evropsk\u00e9ho parlamentu a&nbsp;Rady (EU) 2016\/679, o&nbsp;ochran\u011b fyzick\u00fd osob v&nbsp;souvislosti se&nbsp;zpracov\u00e1n\u00edm osobn\u00edch \u00fadaj\u016f a&nbsp;o&nbsp;voln\u00e9m pohybu t\u011bchto \u00fadaj\u016f<\/li>\n<li>Z\u00e1kon \u010d.&nbsp;12\/2020 Sb., o&nbsp;pr\u00e1vu na digit\u00e1ln\u00ed slu\u017eby<\/li>\n<\/ul>\n\t<h2>Technick\u00e1 podpora<\/h2>\n<p>CENIA, jako provozovatel syst\u00e9mu CR\u017dP, zaji\u0161\u0165uje technickou podporu prost\u0159ednictv\u00edm aplikace <a href=\"https:\/\/helpdesk.cenia.cz\">EnviHELP<\/a>.<\/p>\n\t\t\t<a href=\"https:\/\/helpdesk.cenia.cz\/helpdesk\/?issuenew=true\" target=\"_blank\" role=\"button\" rel=\"noopener\">\n\t\t\t\t\t\t\tZaslat dotaz\n\t\t\t\t\t<\/a>\n\n","protected":false},"excerpt":{"rendered":"<p>O CR\u017dP Centr\u00e1ln\u00ed registr \u017eivotn\u00edho prost\u0159ed\u00ed (CR\u017dP) je v\u00fdznamn\u00fd informa\u010dn\u00ed syst\u00e9m ve\u0159ejn\u00e9 spr\u00e1vy, kter\u00fd poskytuje slu\u017eby a&nbsp;data ostatn\u00edm agendov\u00fdm informa\u010dn\u00edm syst\u00e9m\u016fm (d\u00e1le tak\u00e9 AIS) v&nbsp;resortu ministerstva \u017eivotn\u00edho prost\u0159ed\u00ed. Pro dal\u0161\u00ed syst\u00e9my poskytuje slu\u017eby registrace a&nbsp;spr\u00e1vy subjekt\u016f, u\u017eivatel\u016f a&nbsp;zmocn\u011bn\u00ed, p\u0159\u00edpadn\u011b dal\u0161\u00edch nav\u00e1zan\u00fdch \u00fadaj\u016f (provozovny, m\u00edsta u\u017e\u00edv\u00e1n\u00ed vody) nebo registr\u016f (Registr OZO). CR\u017dP tak poskytuje jednotnou datovou&hellip;<\/p>\n","protected":false},"author":151,"featured_media":0,"parent":2323,"menu_order":0,"comment_status":"closed","ping_status":"closed","template":"","meta":{"inline_featured_image":false,"footnotes":""},"yoast_head":"<!-- This site is optimized with the Yoast SEO plugin v20.13 - https:\/\/yoast.com\/wordpress\/plugins\/seo\/ -->\n<title>Z\u00e1kladn\u00ed informace - CR\u017dP<\/title>\n<meta name=\"robots\" content=\"index, follow, max-snippet:-1, max-image-preview:large, max-video-preview:-1\" \/>\n<link rel=\"canonical\" href=\"https:\/\/crzp.mzp.cz\/portal\/o-crzp\/zakladni-informace\/\" \/>\n<meta property=\"og:locale\" content=\"cs_CZ\" \/>\n<meta property=\"og:type\" content=\"article\" \/>\n<meta property=\"og:title\" content=\"Z\u00e1kladn\u00ed informace - CR\u017dP\" \/>\n<meta property=\"og:description\" content=\"O CR\u017dP Centr\u00e1ln\u00ed registr \u017eivotn\u00edho prost\u0159ed\u00ed (CR\u017dP) je v\u00fdznamn\u00fd informa\u010dn\u00ed syst\u00e9m ve\u0159ejn\u00e9 spr\u00e1vy, kter\u00fd poskytuje slu\u017eby a&nbsp;data ostatn\u00edm agendov\u00fdm informa\u010dn\u00edm syst\u00e9m\u016fm (d\u00e1le tak\u00e9 AIS) v&nbsp;resortu ministerstva \u017eivotn\u00edho prost\u0159ed\u00ed. Pro dal\u0161\u00ed syst\u00e9my poskytuje slu\u017eby registrace a&nbsp;spr\u00e1vy subjekt\u016f, u\u017eivatel\u016f a&nbsp;zmocn\u011bn\u00ed, p\u0159\u00edpadn\u011b dal\u0161\u00edch nav\u00e1zan\u00fdch \u00fadaj\u016f (provozovny, m\u00edsta u\u017e\u00edv\u00e1n\u00ed vody) nebo registr\u016f (Registr OZO). CR\u017dP tak poskytuje jednotnou datovou&hellip;\" \/>\n<meta property=\"og:url\" content=\"https:\/\/crzp.mzp.cz\/portal\/o-crzp\/zakladni-informace\/\" \/>\n<meta property=\"og:site_name\" content=\"CR\u017dP\" \/>\n<meta property=\"article:modified_time\" content=\"2021-12-17T03:15:02+00:00\" \/>\n<meta name=\"twitter:card\" content=\"summary_large_image\" \/>\n<meta name=\"twitter:label1\" content=\"Est. reading time\" \/>\n\t<meta name=\"twitter:data1\" content=\"2 minuty\" \/>\n<script type=\"application\/ld+json\" class=\"yoast-schema-graph\">{\"@context\":\"https:\/\/schema.org\",\"@graph\":[{\"@type\":\"WebPage\",\"@id\":\"https:\/\/crzp.mzp.cz\/portal\/o-crzp\/zakladni-informace\/\",\"url\":\"https:\/\/crzp.mzp.cz\/portal\/o-crzp\/zakladni-informace\/\",\"name\":\"Z\u00e1kladn\u00ed informace - CR\u017dP\",\"isPartOf\":{\"@id\":\"https:\/\/crzp.mzp.cz\/portal\/#website\"},\"datePublished\":\"2021-10-16T14:45:07+00:00\",\"dateModified\":\"2021-12-17T03:15:02+00:00\",\"breadcrumb\":{\"@id\":\"https:\/\/crzp.mzp.cz\/portal\/o-crzp\/zakladni-informace\/#breadcrumb\"},\"inLanguage\":\"cs\",\"potentialAction\":[{\"@type\":\"ReadAction\",\"target\":[\"https:\/\/crzp.mzp.cz\/portal\/o-crzp\/zakladni-informace\/\"]}]},{\"@type\":\"BreadcrumbList\",\"@id\":\"https:\/\/crzp.mzp.cz\/portal\/o-crzp\/zakladni-informace\/#breadcrumb\",\"itemListElement\":[{\"@type\":\"ListItem\",\"position\":1,\"name\":\"Home\",\"item\":\"https:\/\/crzp.mzp.cz\/portal\/\"},{\"@type\":\"ListItem\",\"position\":2,\"name\":\"O CR\u017dP\",\"item\":\"https:\/\/crzp.mzp.cz\/portal\/o-crzp\/\"},{\"@type\":\"ListItem\",\"position\":3,\"name\":\"Z\u00e1kladn\u00ed informace\"}]},{\"@type\":\"WebSite\",\"@id\":\"https:\/\/crzp.mzp.cz\/portal\/#website\",\"url\":\"https:\/\/crzp.mzp.cz\/portal\/\",\"name\":\"CR\u017dP\",\"description\":\"Centr\u00e1ln\u00ed registr \u017eivotn\u00edho prost\u0159ed\u00ed\",\"potentialAction\":[{\"@type\":\"SearchAction\",\"target\":{\"@type\":\"EntryPoint\",\"urlTemplate\":\"https:\/\/crzp.mzp.cz\/portal\/?s={search_term_string}\"},\"query-input\":\"required name=search_term_string\"}],\"inLanguage\":\"cs\"}]}<\/script>\n<!-- \/ Yoast SEO plugin. -->","yoast_head_json":{"title":"Z\u00e1kladn\u00ed informace - CR\u017dP","robots":{"index":"index","follow":"follow","max-snippet":"max-snippet:-1","max-image-preview":"max-image-preview:large","max-video-preview":"max-video-preview:-1"},"canonical":"https:\/\/crzp.mzp.cz\/portal\/o-crzp\/zakladni-informace\/","og_locale":"cs_CZ","og_type":"article","og_title":"Z\u00e1kladn\u00ed informace - CR\u017dP","og_description":"O CR\u017dP Centr\u00e1ln\u00ed registr \u017eivotn\u00edho prost\u0159ed\u00ed (CR\u017dP) je v\u00fdznamn\u00fd informa\u010dn\u00ed syst\u00e9m ve\u0159ejn\u00e9 spr\u00e1vy, kter\u00fd poskytuje slu\u017eby a&nbsp;data ostatn\u00edm agendov\u00fdm informa\u010dn\u00edm syst\u00e9m\u016fm (d\u00e1le tak\u00e9 AIS) v&nbsp;resortu ministerstva \u017eivotn\u00edho prost\u0159ed\u00ed. Pro dal\u0161\u00ed syst\u00e9my poskytuje slu\u017eby registrace a&nbsp;spr\u00e1vy subjekt\u016f, u\u017eivatel\u016f a&nbsp;zmocn\u011bn\u00ed, p\u0159\u00edpadn\u011b dal\u0161\u00edch nav\u00e1zan\u00fdch \u00fadaj\u016f (provozovny, m\u00edsta u\u017e\u00edv\u00e1n\u00ed vody) nebo registr\u016f (Registr OZO). CR\u017dP tak poskytuje jednotnou datovou&hellip;","og_url":"https:\/\/crzp.mzp.cz\/portal\/o-crzp\/zakladni-informace\/","og_site_name":"CR\u017dP","article_modified_time":"2021-12-17T03:15:02+00:00","twitter_card":"summary_large_image","twitter_misc":{"Est. reading time":"2 minuty"},"schema":{"@context":"https:\/\/schema.org","@graph":[{"@type":"WebPage","@id":"https:\/\/crzp.mzp.cz\/portal\/o-crzp\/zakladni-informace\/","url":"https:\/\/crzp.mzp.cz\/portal\/o-crzp\/zakladni-informace\/","name":"Z\u00e1kladn\u00ed informace - CR\u017dP","isPartOf":{"@id":"https:\/\/crzp.mzp.cz\/portal\/#website"},"datePublished":"2021-10-16T14:45:07+00:00","dateModified":"2021-12-17T03:15:02+00:00","breadcrumb":{"@id":"https:\/\/crzp.mzp.cz\/portal\/o-crzp\/zakladni-informace\/#breadcrumb"},"inLanguage":"cs","potentialAction":[{"@type":"ReadAction","target":["https:\/\/crzp.mzp.cz\/portal\/o-crzp\/zakladni-informace\/"]}]},{"@type":"BreadcrumbList","@id":"https:\/\/crzp.mzp.cz\/portal\/o-crzp\/zakladni-informace\/#breadcrumb","itemListElement":[{"@type":"ListItem","position":1,"name":"Home","item":"https:\/\/crzp.mzp.cz\/portal\/"},{"@type":"ListItem","position":2,"name":"O CR\u017dP","item":"https:\/\/crzp.mzp.cz\/portal\/o-crzp\/"},{"@type":"ListItem","position":3,"name":"Z\u00e1kladn\u00ed informace"}]},{"@type":"WebSite","@id":"https:\/\/crzp.mzp.cz\/portal\/#website","url":"https:\/\/crzp.mzp.cz\/portal\/","name":"CR\u017dP","description":"Centr\u00e1ln\u00ed registr \u017eivotn\u00edho prost\u0159ed\u00ed","potentialAction":[{"@type":"SearchAction","target":{"@type":"EntryPoint","urlTemplate":"https:\/\/crzp.mzp.cz\/portal\/?s={search_term_string}"},"query-input":"required name=search_term_string"}],"inLanguage":"cs"}]}},"_links":{"self":[{"href":"https:\/\/crzp.mzp.cz\/portal\/wp-json\/wp\/v2\/pages\/1383"}],"collection":[{"href":"https:\/\/crzp.mzp.cz\/portal\/wp-json\/wp\/v2\/pages"}],"about":[{"href":"https:\/\/crzp.mzp.cz\/portal\/wp-json\/wp\/v2\/types\/page"}],"author":[{"embeddable":true,"href":"https:\/\/crzp.mzp.cz\/portal\/wp-json\/wp\/v2\/users\/151"}],"replies":[{"embeddable":true,"href":"https:\/\/crzp.mzp.cz\/portal\/wp-json\/wp\/v2\/comments?post=1383"}],"version-history":[{"count":3,"href":"https:\/\/crzp.mzp.cz\/portal\/wp-json\/wp\/v2\/pages\/1383\/revisions"}],"predecessor-version":[{"id":2401,"href":"https:\/\/crzp.mzp.cz\/portal\/wp-json\/wp\/v2\/pages\/1383\/revisions\/2401"}],"up":[{"embeddable":true,"href":"https:\/\/crzp.mzp.cz\/portal\/wp-json\/wp\/v2\/pages\/2323"}],"wp:attachment":[{"href":"https:\/\/crzp.mzp.cz\/portal\/wp-json\/wp\/v2\/media?parent=1383"}],"curies":[{"name":"wp","href":"https:\/\/api.w.org\/{rel}","templated":true}]}}