{"id":1339,"date":"2021-10-15T10:25:58","date_gmt":"2021-10-15T10:25:58","guid":{"rendered":"https:\/\/crzp.mzp.cz\/portal\/?page_id=1339"},"modified":"2021-12-27T07:21:10","modified_gmt":"2021-12-27T07:21:10","slug":"pozadavky-na-pc-3","status":"publish","type":"page","link":"https:\/\/crzp.mzp.cz\/portal\/technicke-pozadavky\/pozadavky-na-pc-3\/","title":{"rendered":"Po\u017eadavky na PC"},"content":{"rendered":"\n<h1>\n\t\tPo\u017eadavky na PC\n\t<\/h1>\n\t<p>K\u00a0zaji\u0161t\u011bn\u00ed spr\u00e1vn\u00e9ho fungov\u00e1n\u00ed syst\u00e9mu CR\u017dP je nutn\u00e9 splnit n\u00e1sleduj\u00edc\u00ed minim\u00e1ln\u00ed po\u017eadavky na V\u00e1\u0161 po\u010d\u00edta\u010d, ze kter\u00e9ho bude pod\u00e1no hl\u00e1\u0161en\u00ed. Vzhledem k\u00a0tomu, \u017ee&nbsp;ve\u0161ker\u00e1 pr\u00e1ce prob\u00edh\u00e1 online v\u00a0r\u00e1mci aplikace CR\u017dP, je vy\u017eadov\u00e1no i&nbsp;dostate\u010dn\u011b stabiln\u00ed internetov\u00e9 p\u0159ipojen\u00ed.<\/p>\n<h2><b>Webov\u00fd prohl\u00ed\u017ee\u010d:<\/b><\/h2>\n<p>Pro p\u0159\u00edstup k\u00a0aplikaci CR\u017dP je nutn\u00e9 pou\u017e\u00edt jeden z\u00a0n\u00e1sleduj\u00edc\u00edch webov\u00fdch prohl\u00ed\u017ee\u010d\u016f, a&nbsp;to v\u00a0aktu\u00e1ln\u00ed verzi p\u0159\u00edpadn\u011b v\u00a0jedn\u00e9 z\u00a0jeho t\u0159\u00ed posledn\u00edch aktualizac\u00ed.<\/p>\nGoogle Chrome (<a href=\"https:\/\/www.google.com\/chrome\/?brand=BNSD&amp;\">https:\/\/www.google.com\/chrome\/?brand=BNSD&amp;<\/a>)<br \/>\nMozilla Firefox (<a href=\"https:\/\/www.mozilla.org\/en-US\/firefox\/new\/\">https:\/\/www.mozilla.org\/en-US\/firefox\/new\/<\/a>)<br \/>\nMicrosoft\u00a0Edge\u00a0(<a href=\"https:\/\/www.microsoft.com\/cs-cz\/edge\">https:\/\/www.microsoft.com\/cs-cz\/edge<\/a>)<br \/>\nSafari (<a href=\"https:\/\/support.apple.com\/downloads\/safari\">https:\/\/support.apple.com\/downloads\/safari<\/a>)\n<p>V prohl\u00ed\u017ee\u010di je nutn\u00e9 m\u00edt povolen\u00fd Javascript a\u00a0vyskakovac\u00ed okna pro dom\u00e9nu ispop.cz.<\/p>\n\n","protected":false},"excerpt":{"rendered":"<p>Po\u017eadavky na PC&nbsp;K\u00a0zaji\u0161t\u011bn\u00ed spr\u00e1vn\u00e9ho fungov\u00e1n\u00ed syst\u00e9mu CR\u017dP je nutn\u00e9 splnit n\u00e1sleduj\u00edc\u00ed minim\u00e1ln\u00ed po\u017eadavky na V\u00e1\u0161 po\u010d\u00edta\u010d, ze kter\u00e9ho bude pod\u00e1no hl\u00e1\u0161en\u00ed. Vzhledem k\u00a0tomu, \u017ee&nbsp;ve\u0161ker\u00e1 pr\u00e1ce prob\u00edh\u00e1 online v\u00a0r\u00e1mci aplikace CR\u017dP, je vy\u017eadov\u00e1no i&nbsp;dostate\u010dn\u011b stabiln\u00ed internetov\u00e9 p\u0159ipojen\u00ed. Webov\u00fd prohl\u00ed\u017ee\u010d: Pro p\u0159\u00edstup k\u00a0aplikaci CR\u017dP je nutn\u00e9 pou\u017e\u00edt jeden z\u00a0n\u00e1sleduj\u00edc\u00edch webov\u00fdch prohl\u00ed\u017ee\u010d\u016f, a&nbsp;to v\u00a0aktu\u00e1ln\u00ed verzi p\u0159\u00edpadn\u011b v\u00a0jedn\u00e9&hellip;<\/p>\n","protected":false},"author":151,"featured_media":0,"parent":2316,"menu_order":0,"comment_status":"closed","ping_status":"closed","template":"","meta":{"inline_featured_image":false,"footnotes":""},"yoast_head":"<!-- This site is optimized with the Yoast SEO plugin v20.13 - https:\/\/yoast.com\/wordpress\/plugins\/seo\/ -->\n<title>Po\u017eadavky na PC - CR\u017dP<\/title>\n<meta name=\"robots\" content=\"index, follow, max-snippet:-1, max-image-preview:large, max-video-preview:-1\" \/>\n<link rel=\"canonical\" href=\"https:\/\/crzp.mzp.cz\/portal\/technicke-pozadavky\/pozadavky-na-pc-3\/\" \/>\n<meta property=\"og:locale\" content=\"cs_CZ\" \/>\n<meta property=\"og:type\" content=\"article\" \/>\n<meta property=\"og:title\" content=\"Po\u017eadavky na PC - CR\u017dP\" \/>\n<meta property=\"og:description\" content=\"Po\u017eadavky na PC K\u00a0zaji\u0161t\u011bn\u00ed spr\u00e1vn\u00e9ho fungov\u00e1n\u00ed syst\u00e9mu CR\u017dP je nutn\u00e9 splnit n\u00e1sleduj\u00edc\u00ed minim\u00e1ln\u00ed po\u017eadavky na V\u00e1\u0161 po\u010d\u00edta\u010d, ze kter\u00e9ho bude pod\u00e1no hl\u00e1\u0161en\u00ed. Vzhledem k\u00a0tomu, \u017ee&nbsp;ve\u0161ker\u00e1 pr\u00e1ce prob\u00edh\u00e1 online v\u00a0r\u00e1mci aplikace CR\u017dP, je vy\u017eadov\u00e1no i&nbsp;dostate\u010dn\u011b stabiln\u00ed internetov\u00e9 p\u0159ipojen\u00ed. Webov\u00fd prohl\u00ed\u017ee\u010d: Pro p\u0159\u00edstup k\u00a0aplikaci CR\u017dP je nutn\u00e9 pou\u017e\u00edt jeden z\u00a0n\u00e1sleduj\u00edc\u00edch webov\u00fdch prohl\u00ed\u017ee\u010d\u016f, a&nbsp;to v\u00a0aktu\u00e1ln\u00ed verzi p\u0159\u00edpadn\u011b v\u00a0jedn\u00e9&hellip;\" \/>\n<meta property=\"og:url\" content=\"https:\/\/crzp.mzp.cz\/portal\/technicke-pozadavky\/pozadavky-na-pc-3\/\" \/>\n<meta property=\"og:site_name\" content=\"CR\u017dP\" \/>\n<meta property=\"article:modified_time\" content=\"2021-12-27T07:21:10+00:00\" \/>\n<meta name=\"twitter:card\" content=\"summary_large_image\" \/>\n<meta name=\"twitter:label1\" content=\"Est. reading time\" \/>\n\t<meta name=\"twitter:data1\" content=\"1 minuta\" \/>\n<script type=\"application\/ld+json\" class=\"yoast-schema-graph\">{\"@context\":\"https:\/\/schema.org\",\"@graph\":[{\"@type\":\"WebPage\",\"@id\":\"https:\/\/crzp.mzp.cz\/portal\/technicke-pozadavky\/pozadavky-na-pc-3\/\",\"url\":\"https:\/\/crzp.mzp.cz\/portal\/technicke-pozadavky\/pozadavky-na-pc-3\/\",\"name\":\"Po\u017eadavky na PC - CR\u017dP\",\"isPartOf\":{\"@id\":\"https:\/\/crzp.mzp.cz\/portal\/#website\"},\"datePublished\":\"2021-10-15T10:25:58+00:00\",\"dateModified\":\"2021-12-27T07:21:10+00:00\",\"breadcrumb\":{\"@id\":\"https:\/\/crzp.mzp.cz\/portal\/technicke-pozadavky\/pozadavky-na-pc-3\/#breadcrumb\"},\"inLanguage\":\"cs\",\"potentialAction\":[{\"@type\":\"ReadAction\",\"target\":[\"https:\/\/crzp.mzp.cz\/portal\/technicke-pozadavky\/pozadavky-na-pc-3\/\"]}]},{\"@type\":\"BreadcrumbList\",\"@id\":\"https:\/\/crzp.mzp.cz\/portal\/technicke-pozadavky\/pozadavky-na-pc-3\/#breadcrumb\",\"itemListElement\":[{\"@type\":\"ListItem\",\"position\":1,\"name\":\"Home\",\"item\":\"https:\/\/crzp.mzp.cz\/portal\/\"},{\"@type\":\"ListItem\",\"position\":2,\"name\":\"Technick\u00e9 po\u017eadavky\",\"item\":\"https:\/\/crzp.mzp.cz\/portal\/technicke-pozadavky\/\"},{\"@type\":\"ListItem\",\"position\":3,\"name\":\"Po\u017eadavky na PC\"}]},{\"@type\":\"WebSite\",\"@id\":\"https:\/\/crzp.mzp.cz\/portal\/#website\",\"url\":\"https:\/\/crzp.mzp.cz\/portal\/\",\"name\":\"CR\u017dP\",\"description\":\"Centr\u00e1ln\u00ed registr \u017eivotn\u00edho prost\u0159ed\u00ed\",\"potentialAction\":[{\"@type\":\"SearchAction\",\"target\":{\"@type\":\"EntryPoint\",\"urlTemplate\":\"https:\/\/crzp.mzp.cz\/portal\/?s={search_term_string}\"},\"query-input\":\"required name=search_term_string\"}],\"inLanguage\":\"cs\"}]}<\/script>\n<!-- \/ Yoast SEO plugin. -->","yoast_head_json":{"title":"Po\u017eadavky na PC - CR\u017dP","robots":{"index":"index","follow":"follow","max-snippet":"max-snippet:-1","max-image-preview":"max-image-preview:large","max-video-preview":"max-video-preview:-1"},"canonical":"https:\/\/crzp.mzp.cz\/portal\/technicke-pozadavky\/pozadavky-na-pc-3\/","og_locale":"cs_CZ","og_type":"article","og_title":"Po\u017eadavky na PC - CR\u017dP","og_description":"Po\u017eadavky na PC K\u00a0zaji\u0161t\u011bn\u00ed spr\u00e1vn\u00e9ho fungov\u00e1n\u00ed syst\u00e9mu CR\u017dP je nutn\u00e9 splnit n\u00e1sleduj\u00edc\u00ed minim\u00e1ln\u00ed po\u017eadavky na V\u00e1\u0161 po\u010d\u00edta\u010d, ze kter\u00e9ho bude pod\u00e1no hl\u00e1\u0161en\u00ed. Vzhledem k\u00a0tomu, \u017ee&nbsp;ve\u0161ker\u00e1 pr\u00e1ce prob\u00edh\u00e1 online v\u00a0r\u00e1mci aplikace CR\u017dP, je vy\u017eadov\u00e1no i&nbsp;dostate\u010dn\u011b stabiln\u00ed internetov\u00e9 p\u0159ipojen\u00ed. Webov\u00fd prohl\u00ed\u017ee\u010d: Pro p\u0159\u00edstup k\u00a0aplikaci CR\u017dP je nutn\u00e9 pou\u017e\u00edt jeden z\u00a0n\u00e1sleduj\u00edc\u00edch webov\u00fdch prohl\u00ed\u017ee\u010d\u016f, a&nbsp;to v\u00a0aktu\u00e1ln\u00ed verzi p\u0159\u00edpadn\u011b v\u00a0jedn\u00e9&hellip;","og_url":"https:\/\/crzp.mzp.cz\/portal\/technicke-pozadavky\/pozadavky-na-pc-3\/","og_site_name":"CR\u017dP","article_modified_time":"2021-12-27T07:21:10+00:00","twitter_card":"summary_large_image","twitter_misc":{"Est. reading time":"1 minuta"},"schema":{"@context":"https:\/\/schema.org","@graph":[{"@type":"WebPage","@id":"https:\/\/crzp.mzp.cz\/portal\/technicke-pozadavky\/pozadavky-na-pc-3\/","url":"https:\/\/crzp.mzp.cz\/portal\/technicke-pozadavky\/pozadavky-na-pc-3\/","name":"Po\u017eadavky na PC - CR\u017dP","isPartOf":{"@id":"https:\/\/crzp.mzp.cz\/portal\/#website"},"datePublished":"2021-10-15T10:25:58+00:00","dateModified":"2021-12-27T07:21:10+00:00","breadcrumb":{"@id":"https:\/\/crzp.mzp.cz\/portal\/technicke-pozadavky\/pozadavky-na-pc-3\/#breadcrumb"},"inLanguage":"cs","potentialAction":[{"@type":"ReadAction","target":["https:\/\/crzp.mzp.cz\/portal\/technicke-pozadavky\/pozadavky-na-pc-3\/"]}]},{"@type":"BreadcrumbList","@id":"https:\/\/crzp.mzp.cz\/portal\/technicke-pozadavky\/pozadavky-na-pc-3\/#breadcrumb","itemListElement":[{"@type":"ListItem","position":1,"name":"Home","item":"https:\/\/crzp.mzp.cz\/portal\/"},{"@type":"ListItem","position":2,"name":"Technick\u00e9 po\u017eadavky","item":"https:\/\/crzp.mzp.cz\/portal\/technicke-pozadavky\/"},{"@type":"ListItem","position":3,"name":"Po\u017eadavky na PC"}]},{"@type":"WebSite","@id":"https:\/\/crzp.mzp.cz\/portal\/#website","url":"https:\/\/crzp.mzp.cz\/portal\/","name":"CR\u017dP","description":"Centr\u00e1ln\u00ed registr \u017eivotn\u00edho prost\u0159ed\u00ed","potentialAction":[{"@type":"SearchAction","target":{"@type":"EntryPoint","urlTemplate":"https:\/\/crzp.mzp.cz\/portal\/?s={search_term_string}"},"query-input":"required name=search_term_string"}],"inLanguage":"cs"}]}},"_links":{"self":[{"href":"https:\/\/crzp.mzp.cz\/portal\/wp-json\/wp\/v2\/pages\/1339"}],"collection":[{"href":"https:\/\/crzp.mzp.cz\/portal\/wp-json\/wp\/v2\/pages"}],"about":[{"href":"https:\/\/crzp.mzp.cz\/portal\/wp-json\/wp\/v2\/types\/page"}],"author":[{"embeddable":true,"href":"https:\/\/crzp.mzp.cz\/portal\/wp-json\/wp\/v2\/users\/151"}],"replies":[{"embeddable":true,"href":"https:\/\/crzp.mzp.cz\/portal\/wp-json\/wp\/v2\/comments?post=1339"}],"version-history":[{"count":6,"href":"https:\/\/crzp.mzp.cz\/portal\/wp-json\/wp\/v2\/pages\/1339\/revisions"}],"predecessor-version":[{"id":2553,"href":"https:\/\/crzp.mzp.cz\/portal\/wp-json\/wp\/v2\/pages\/1339\/revisions\/2553"}],"up":[{"embeddable":true,"href":"https:\/\/crzp.mzp.cz\/portal\/wp-json\/wp\/v2\/pages\/2316"}],"wp:attachment":[{"href":"https:\/\/crzp.mzp.cz\/portal\/wp-json\/wp\/v2\/media?parent=1339"}],"curies":[{"name":"wp","href":"https:\/\/api.w.org\/{rel}","templated":true}]}}